{"id":10580,"date":"2025-12-26T15:16:55","date_gmt":"2025-12-26T14:16:55","guid":{"rendered":"https:\/\/berninabrussels.be\/?post_type=product&#038;p=10580"},"modified":"2025-12-26T15:28:27","modified_gmt":"2025-12-26T14:28:27","slug":"aiguille-quilt-bernina","status":"publish","type":"product","link":"https:\/\/berninabrussels.be\/?product=aiguille-quilt-bernina","title":{"rendered":"Aiguille quilt Bernina"},"content":{"rendered":"<div class=\"r-container r-text-block inverted-ltd\">\n<h1>Aiguille quilt<\/h1>\n<p>pour quilter.<\/p>\n<\/div>\n<div class=\"r-container r-text-block\">\n<div id=\"p_lt_zoneContent_pageplaceholder_p_lt_ctl00_zoneContent_BerninaNeedleFinderNeedleDetails_pnlContainer\" class=\"r-table-container\">\n<table>\n<tbody>\n<tr>\n<td>Machines adapt\u00e9es<\/td>\n<td>BERNINA S\u00e9rie 8, Longarm Products, BERNINA S\u00e9rie 7, BERNINA S\u00e9rie 5, BERNINA artista, BERNINA activa, BERNINA S\u00e9rie 4, BERNINA S\u00e9rie 3, BERNINA S\u00e9rie 2, BERNINA S\u00e9rie Classic<\/td>\n<\/tr>\n<tr>\n<td>Mati\u00e8res adapt\u00e9es<\/td>\n<td>Jersey (l\u00e9ger, mi-lourd, lourd)<\/td>\n<\/tr>\n<tr>\n<td>Ouvrages adapt\u00e9s<\/td>\n<td>Couture d\u00e9corative, Faire du patchwork, Quilter<\/td>\n<\/tr>\n<tr>\n<td>\u00c9paisseur de l&rsquo;aiguille NM<\/td>\n<td>75\/11, 90\/14<\/td>\n<\/tr>\n<\/tbody>\n<\/table>\n<\/div>\n<ul class=\"r-list-needle\">\n<li><\/li>\n<\/ul>\n<\/div>\n","protected":false},"excerpt":{"rendered":"<p>Aiguille quilt pour quilter. Machines adapt\u00e9es BERNINA S\u00e9rie 8, Longarm Products, BERNINA S\u00e9rie 7, BERNINA S\u00e9rie 5, BERNINA artista, BERNINA activa, BERNINA S\u00e9rie 4, BERNINA S\u00e9rie 3, BERNINA S\u00e9rie 2, BERNINA S\u00e9rie Classic Mati\u00e8res adapt\u00e9es Jersey (l\u00e9ger, mi-lourd, lourd) Ouvrages adapt\u00e9s Couture d\u00e9corative, Faire du patchwork, Quilter \u00c9paisseur de l&rsquo;aiguille NM 75\/11, 90\/14<\/p>\n","protected":false},"featured_media":10581,"comment_status":"open","ping_status":"closed","template":"","meta":{"om_disable_all_campaigns":false,"_monsterinsights_skip_tracking":false,"_monsterinsights_sitenote_active":false,"_monsterinsights_sitenote_note":"","_monsterinsights_sitenote_category":0,"_uf_show_specific_survey":0,"_uf_disable_surveys":false},"product_brand":[],"product_cat":[105],"product_tag":[],"giftcard-category":[],"class_list":{"0":"post-10580","1":"product","2":"type-product","3":"status-publish","4":"has-post-thumbnail","6":"product_cat-aiguille-machine-a-coudre","8":"first","9":"instock","10":"shipping-taxable","11":"purchasable","12":"product-type-simple"},"aioseo_notices":[],"jetpack_sharing_enabled":true,"_links":{"self":[{"href":"https:\/\/berninabrussels.be\/index.php?rest_route=\/wp\/v2\/product\/10580","targetHints":{"allow":["GET"]}}],"collection":[{"href":"https:\/\/berninabrussels.be\/index.php?rest_route=\/wp\/v2\/product"}],"about":[{"href":"https:\/\/berninabrussels.be\/index.php?rest_route=\/wp\/v2\/types\/product"}],"replies":[{"embeddable":true,"href":"https:\/\/berninabrussels.be\/index.php?rest_route=%2Fwp%2Fv2%2Fcomments&post=10580"}],"wp:featuredmedia":[{"embeddable":true,"href":"https:\/\/berninabrussels.be\/index.php?rest_route=\/wp\/v2\/media\/10581"}],"wp:attachment":[{"href":"https:\/\/berninabrussels.be\/index.php?rest_route=%2Fwp%2Fv2%2Fmedia&parent=10580"}],"wp:term":[{"taxonomy":"product_brand","embeddable":true,"href":"https:\/\/berninabrussels.be\/index.php?rest_route=%2Fwp%2Fv2%2Fproduct_brand&post=10580"},{"taxonomy":"product_cat","embeddable":true,"href":"https:\/\/berninabrussels.be\/index.php?rest_route=%2Fwp%2Fv2%2Fproduct_cat&post=10580"},{"taxonomy":"product_tag","embeddable":true,"href":"https:\/\/berninabrussels.be\/index.php?rest_route=%2Fwp%2Fv2%2Fproduct_tag&post=10580"},{"taxonomy":"giftcard-category","embeddable":true,"href":"https:\/\/berninabrussels.be\/index.php?rest_route=%2Fwp%2Fv2%2Fgiftcard-category&post=10580"}],"curies":[{"name":"wp","href":"https:\/\/api.w.org\/{rel}","templated":true}]}}