{"id":1057,"date":"2023-05-09T17:03:35","date_gmt":"2023-05-09T15:03:35","guid":{"rendered":"https:\/\/berninabrussels.be\/?post_type=product&#038;p=1057"},"modified":"2023-05-09T20:43:46","modified_gmt":"2023-05-09T18:43:46","slug":"pied-fermeture-glissiere-invisible-jp","status":"publish","type":"product","link":"https:\/\/berninabrussels.be\/?product=pied-fermeture-glissiere-invisible-jp","title":{"rendered":"Pied fermeture glissi\u00e8re invisible \u00ab\u00a0JP\u00a0\u00bb"},"content":{"rendered":"<h3>Pied pour fermeture \u00e0 glissi\u00e8re invisible \u00ab\u00a0JP\u00a0\u00bb<\/h3>\n<p>Ce pied est tout simplement id\u00e9al pour coudre des fermetures \u00e0 glissi\u00e8re. Le zip demeurera invisible pour un look particuli\u00e8rement \u00e9l\u00e9gant.<\/p>\n","protected":false},"excerpt":{"rendered":"<p>Pied pour fermeture \u00e0 glissi\u00e8re invisible \u00ab\u00a0JP\u00a0\u00bb Ce pied est tout simplement id\u00e9al pour coudre des fermetures \u00e0 glissi\u00e8re. Le zip demeurera invisible pour un look particuli\u00e8rement \u00e9l\u00e9gant.<\/p>\n","protected":false},"featured_media":1058,"comment_status":"open","ping_status":"closed","template":"","meta":{"om_disable_all_campaigns":false,"_monsterinsights_skip_tracking":false,"_monsterinsights_sitenote_active":false,"_monsterinsights_sitenote_note":"","_monsterinsights_sitenote_category":0,"_uf_show_specific_survey":0,"_uf_disable_surveys":false},"product_brand":[],"product_cat":[42,44,240,191],"product_tag":[],"giftcard-category":[],"class_list":{"0":"post-1057","1":"product","2":"type-product","3":"status-publish","4":"has-post-thumbnail","6":"product_cat-accesoires","7":"product_cat-machine-a-coudre","8":"product_cat-pieds-presseurs","9":"product_cat-pied-fermeture-a-glissiere","10":"pa_marque-bernette","12":"first","13":"instock","14":"sale","15":"shipping-taxable","16":"purchasable","17":"product-type-simple"},"aioseo_notices":[],"jetpack_sharing_enabled":true,"_links":{"self":[{"href":"https:\/\/berninabrussels.be\/index.php?rest_route=\/wp\/v2\/product\/1057","targetHints":{"allow":["GET"]}}],"collection":[{"href":"https:\/\/berninabrussels.be\/index.php?rest_route=\/wp\/v2\/product"}],"about":[{"href":"https:\/\/berninabrussels.be\/index.php?rest_route=\/wp\/v2\/types\/product"}],"replies":[{"embeddable":true,"href":"https:\/\/berninabrussels.be\/index.php?rest_route=%2Fwp%2Fv2%2Fcomments&post=1057"}],"wp:featuredmedia":[{"embeddable":true,"href":"https:\/\/berninabrussels.be\/index.php?rest_route=\/wp\/v2\/media\/1058"}],"wp:attachment":[{"href":"https:\/\/berninabrussels.be\/index.php?rest_route=%2Fwp%2Fv2%2Fmedia&parent=1057"}],"wp:term":[{"taxonomy":"product_brand","embeddable":true,"href":"https:\/\/berninabrussels.be\/index.php?rest_route=%2Fwp%2Fv2%2Fproduct_brand&post=1057"},{"taxonomy":"product_cat","embeddable":true,"href":"https:\/\/berninabrussels.be\/index.php?rest_route=%2Fwp%2Fv2%2Fproduct_cat&post=1057"},{"taxonomy":"product_tag","embeddable":true,"href":"https:\/\/berninabrussels.be\/index.php?rest_route=%2Fwp%2Fv2%2Fproduct_tag&post=1057"},{"taxonomy":"giftcard-category","embeddable":true,"href":"https:\/\/berninabrussels.be\/index.php?rest_route=%2Fwp%2Fv2%2Fgiftcard-category&post=1057"}],"curies":[{"name":"wp","href":"https:\/\/api.w.org\/{rel}","templated":true}]}}