{"id":10561,"date":"2025-12-17T18:24:50","date_gmt":"2025-12-17T17:24:50","guid":{"rendered":"https:\/\/berninabrussels.be\/?post_type=product&#038;p=10561"},"modified":"2025-12-17T18:27:03","modified_gmt":"2025-12-17T17:27:03","slug":"presse-transfert-global-38-x-38-cm","status":"publish","type":"product","link":"https:\/\/berninabrussels.be\/?product=presse-transfert-global-38-x-38-cm","title":{"rendered":"Presse transfert Global 38 x 38 cm"},"content":{"rendered":"<h2 data-start=\"44\" data-end=\"60\">DESCRIPTION<\/h2>\n<p data-start=\"61\" data-end=\"213\">Presses \u00e0 transfert thermique capables d\u2019atteindre une temp\u00e9rature maximale de <strong data-start=\"140\" data-end=\"150\">200 \u00b0C<\/strong>, disponibles en <strong data-start=\"167\" data-end=\"184\">trois tailles<\/strong> : <strong data-start=\"187\" data-end=\"212\">38 cm, 62 cm et 82 cm<\/strong>.<\/p>\n<hr data-start=\"215\" data-end=\"218\" \/>\n<h2 data-start=\"220\" data-end=\"241\">CARACT\u00c9RISTIQUES<\/h2>\n<ul data-start=\"242\" data-end=\"394\">\n<li data-start=\"242\" data-end=\"278\">\n<p data-start=\"244\" data-end=\"278\">Dimensions : 38 cm, 62 cm, 82 cm<\/p>\n<\/li>\n<li data-start=\"279\" data-end=\"303\">\n<p data-start=\"281\" data-end=\"303\">Alimentation : 220 V<\/p>\n<\/li>\n<li data-start=\"304\" data-end=\"331\">\n<p data-start=\"306\" data-end=\"331\">Temp\u00e9rature : 50\u2013200 \u00b0C<\/p>\n<\/li>\n<li data-start=\"332\" data-end=\"394\">\n<p data-start=\"334\" data-end=\"394\">Temps pour atteindre la temp\u00e9rature maximale : 60 secondes<\/p>\n<\/li>\n<\/ul>\n<hr data-start=\"396\" data-end=\"399\" \/>\n<h2 data-start=\"401\" data-end=\"420\">SP\u00c9CIFICATIONS<\/h2>\n<div class=\"TyagGW_tableContainer\">\n<div class=\"group TyagGW_tableWrapper flex w-fit flex-col-reverse\" tabindex=\"-1\">\n<table class=\"w-fit min-w-(--thread-content-width)\" data-start=\"422\" data-end=\"704\">\n<thead data-start=\"422\" data-end=\"515\">\n<tr data-start=\"422\" data-end=\"515\">\n<th data-start=\"422\" data-end=\"431\" data-col-size=\"sm\">Mod\u00e8le<\/th>\n<th data-start=\"431\" data-end=\"447\" data-col-size=\"sm\">Taille<\/th>\n<th data-start=\"447\" data-end=\"457\" data-col-size=\"sm\">Tension<\/th>\n<th data-start=\"457\" data-end=\"500\" data-col-size=\"sm\">Temps pour atteindre la temp\u00e9rature max.<\/th>\n<th data-start=\"500\" data-end=\"515\" data-col-size=\"sm\">Temp\u00e9rature<\/th>\n<\/tr>\n<\/thead>\n<tbody data-start=\"609\" data-end=\"704\">\n<tr data-start=\"609\" data-end=\"704\">\n<td data-start=\"609\" data-end=\"621\" data-col-size=\"sm\"><strong data-start=\"611\" data-end=\"620\">WJ 38<\/strong><\/td>\n<td data-start=\"621\" data-end=\"638\" data-col-size=\"sm\">38 \u00d7 38 cm<\/td>\n<td data-start=\"638\" data-end=\"648\" data-col-size=\"sm\">220 V<\/td>\n<td data-start=\"648\" data-end=\"691\" data-col-size=\"sm\">60 sec<\/td>\n<td data-start=\"691\" data-end=\"704\" data-col-size=\"sm\">50\u2013200 \u00b0C<\/td>\n<\/tr>\n<\/tbody>\n<\/table>\n<\/div>\n<\/div>\n","protected":false},"excerpt":{"rendered":"<p>DESCRIPTION Presses \u00e0 transfert thermique capables d\u2019atteindre une temp\u00e9rature maximale de 200 \u00b0C, disponibles en trois tailles : 38 cm, 62 cm et 82 cm. CARACT\u00c9RISTIQUES Dimensions : 38 cm, 62 cm, 82 cm Alimentation : 220 V Temp\u00e9rature : 50\u2013200 \u00b0C Temps pour atteindre la temp\u00e9rature maximale : 60 secondes SP\u00c9CIFICATIONS Mod\u00e8le Taille Tension&hellip;<\/p>\n","protected":false},"featured_media":10562,"comment_status":"open","ping_status":"closed","template":"","meta":{"om_disable_all_campaigns":false,"_monsterinsights_skip_tracking":false,"_monsterinsights_sitenote_active":false,"_monsterinsights_sitenote_note":"","_monsterinsights_sitenote_category":0,"_uf_show_specific_survey":0,"_uf_disable_surveys":false},"product_brand":[],"product_cat":[34,266],"product_tag":[],"giftcard-category":[],"class_list":{"0":"post-10561","1":"product","2":"type-product","3":"status-publish","4":"has-post-thumbnail","6":"product_cat-materiel-de-repassage","7":"product_cat-presse","9":"first","10":"onbackorder","11":"sale","12":"shipping-taxable","13":"purchasable","14":"product-type-simple"},"aioseo_notices":[],"jetpack_sharing_enabled":true,"_links":{"self":[{"href":"https:\/\/berninabrussels.be\/index.php?rest_route=\/wp\/v2\/product\/10561","targetHints":{"allow":["GET"]}}],"collection":[{"href":"https:\/\/berninabrussels.be\/index.php?rest_route=\/wp\/v2\/product"}],"about":[{"href":"https:\/\/berninabrussels.be\/index.php?rest_route=\/wp\/v2\/types\/product"}],"replies":[{"embeddable":true,"href":"https:\/\/berninabrussels.be\/index.php?rest_route=%2Fwp%2Fv2%2Fcomments&post=10561"}],"wp:featuredmedia":[{"embeddable":true,"href":"https:\/\/berninabrussels.be\/index.php?rest_route=\/wp\/v2\/media\/10562"}],"wp:attachment":[{"href":"https:\/\/berninabrussels.be\/index.php?rest_route=%2Fwp%2Fv2%2Fmedia&parent=10561"}],"wp:term":[{"taxonomy":"product_brand","embeddable":true,"href":"https:\/\/berninabrussels.be\/index.php?rest_route=%2Fwp%2Fv2%2Fproduct_brand&post=10561"},{"taxonomy":"product_cat","embeddable":true,"href":"https:\/\/berninabrussels.be\/index.php?rest_route=%2Fwp%2Fv2%2Fproduct_cat&post=10561"},{"taxonomy":"product_tag","embeddable":true,"href":"https:\/\/berninabrussels.be\/index.php?rest_route=%2Fwp%2Fv2%2Fproduct_tag&post=10561"},{"taxonomy":"giftcard-category","embeddable":true,"href":"https:\/\/berninabrussels.be\/index.php?rest_route=%2Fwp%2Fv2%2Fgiftcard-category&post=10561"}],"curies":[{"name":"wp","href":"https:\/\/api.w.org\/{rel}","templated":true}]}}