{"id":10555,"date":"2025-12-17T17:02:38","date_gmt":"2025-12-17T16:02:38","guid":{"rendered":"https:\/\/berninabrussels.be\/?post_type=product&#038;p=10555"},"modified":"2025-12-17T17:02:38","modified_gmt":"2025-12-17T16:02:38","slug":"jack-f6-nouveau-modele","status":"publish","type":"product","link":"https:\/\/berninabrussels.be\/?product=jack-f6-nouveau-modele","title":{"rendered":"Jack F6 nouveau mod\u00e8le"},"content":{"rendered":"<h2 data-start=\"44\" data-end=\"60\">DESCRIPTION<\/h2>\n<p data-start=\"61\" data-end=\"801\"><strong data-start=\"61\" data-end=\"72\">Jack F6<\/strong><br data-start=\"72\" data-end=\"75\" \/>Machine \u00e0 coudre industrielle point nou\u00e9 d\u2019entr\u00e9e de gamme, \u00e9quip\u00e9e d\u2019un moteur \u00e0 entra\u00eenement direct \u00e9conome en \u00e9nergie. Point d\u2019arr\u00eat manuel command\u00e9 par un nouveau levier gauche plus l\u00e9ger. Relevage du pied presseur par genouill\u00e8re. Les performances pour les travaux intensifs ont \u00e9t\u00e9 am\u00e9lior\u00e9es de 7 % gr\u00e2ce \u00e0 de nouveaux composants de couture, permettant d\u00e9sormais de coudre jusqu\u2019\u00e0 15 \u00e9paisseurs de denim.<br data-start=\"486\" data-end=\"489\" \/>Nouvelle \u00e9lectronique hautement fiable avec une large plage de tension de 110 V \u00e0 295 V et une r\u00e9sistance \u00e0 l\u2019\u00e9lectricit\u00e9 statique jusqu\u2019\u00e0 12 000 V. Syst\u00e8me anti-contrefa\u00e7on UV bicolore. Nouveau panneau de commande simple avec r\u00e9glages de la vitesse, de la position de l\u2019aiguille et fonction de r\u00e9initialisation.<\/p>\n<hr data-start=\"803\" data-end=\"806\" \/>\n<h2 data-start=\"808\" data-end=\"829\">CARACT\u00c9RISTIQUES<\/h2>\n<ul data-start=\"830\" data-end=\"1449\">\n<li data-start=\"830\" data-end=\"871\">\n<p data-start=\"832\" data-end=\"871\">Levier de point d\u2019arr\u00eat gauche all\u00e9g\u00e9<\/p>\n<\/li>\n<li data-start=\"872\" data-end=\"917\">\n<p data-start=\"874\" data-end=\"917\">Relevage du pied presseur par genouill\u00e8re<\/p>\n<\/li>\n<li data-start=\"918\" data-end=\"938\">\n<p data-start=\"920\" data-end=\"938\">Coupe-fil manuel<\/p>\n<\/li>\n<li data-start=\"939\" data-end=\"959\">\n<p data-start=\"941\" data-end=\"959\">Bobineur int\u00e9gr\u00e9<\/p>\n<\/li>\n<li data-start=\"960\" data-end=\"986\">\n<p data-start=\"962\" data-end=\"986\">Bouton point par point<\/p>\n<\/li>\n<li data-start=\"987\" data-end=\"1009\">\n<p data-start=\"989\" data-end=\"1009\">Moteur ECO int\u00e9gr\u00e9<\/p>\n<\/li>\n<li data-start=\"1010\" data-end=\"1048\">\n<p data-start=\"1012\" data-end=\"1048\">\u00c9clairage LED \u00e0 intensit\u00e9 r\u00e9glable<\/p>\n<\/li>\n<li data-start=\"1049\" data-end=\"1086\">\n<p data-start=\"1051\" data-end=\"1086\">Position de l\u2019aiguille haut \/ bas<\/p>\n<\/li>\n<li data-start=\"1087\" data-end=\"1109\">\n<p data-start=\"1089\" data-end=\"1109\">\u00c9conomie d\u2019\u00e9nergie<\/p>\n<\/li>\n<li data-start=\"1110\" data-end=\"1132\">\n<p data-start=\"1112\" data-end=\"1132\">Bac \u00e0 huile ouvert<\/p>\n<\/li>\n<li data-start=\"1133\" data-end=\"1174\">\n<p data-start=\"1135\" data-end=\"1174\">Nouveau panneau de commande simplifi\u00e9<\/p>\n<\/li>\n<li data-start=\"1175\" data-end=\"1196\">\n<p data-start=\"1177\" data-end=\"1196\">Arr\u00eat automatique<\/p>\n<\/li>\n<li data-start=\"1197\" data-end=\"1223\">\n<p data-start=\"1199\" data-end=\"1223\">Large plage de tension<\/p>\n<\/li>\n<li data-start=\"1224\" data-end=\"1276\">\n<p data-start=\"1226\" data-end=\"1276\">Protection contre les d\u00e9charges \u00e9lectrostatiques<\/p>\n<\/li>\n<li data-start=\"1277\" data-end=\"1305\">\n<p data-start=\"1279\" data-end=\"1305\">Interrupteur de s\u00e9curit\u00e9<\/p>\n<\/li>\n<li data-start=\"1306\" data-end=\"1339\">\n<p data-start=\"1308\" data-end=\"1339\">\u00c9lectronique hautement fiable<\/p>\n<\/li>\n<li data-start=\"1340\" data-end=\"1382\">\n<p data-start=\"1342\" data-end=\"1382\">Couture jusqu\u2019\u00e0 15 \u00e9paisseurs de denim<\/p>\n<\/li>\n<li data-start=\"1383\" data-end=\"1410\">\n<p data-start=\"1385\" data-end=\"1410\">Organes de couture AMH1<\/p>\n<\/li>\n<li data-start=\"1411\" data-end=\"1449\">\n<p data-start=\"1413\" data-end=\"1449\">Nouvelle version des mod\u00e8les F4\u2013F5<\/p>\n<\/li>\n<\/ul>\n<table>\n<thead>\n<tr>\n<th>Mod\u00e8le<\/th>\n<th>Destination<\/th>\n<th>Longueur de point<\/th>\n<th>Poids<\/th>\n<th>Vitesse max.<\/th>\n<th>Hauteur du pied<\/th>\n<\/tr>\n<\/thead>\n<tbody>\n<tr>\n<td><strong>F6<\/strong><\/td>\n<td>L\u00e9ger \/ Moyen<\/td>\n<td>5 mm<\/td>\n<td>30 \/ 36,5 kg<\/td>\n<td>5 000 tr\/min<\/td>\n<td>1\u201313 mm<\/td>\n<\/tr>\n<tr>\n<td><strong>F6-H-7<\/strong><\/td>\n<td>Lourd<\/td>\n<td>7 mm<\/td>\n<td>30 \/ 36,5 kg<\/td>\n<td>3 500 tr\/min<\/td>\n<td>5\u201313 mm<\/td>\n<\/tr>\n<tr>\n<td><strong>F6-HL-7<\/strong><\/td>\n<td>Crochet large<\/td>\n<td>7 mm<\/td>\n<td>30 \/ 36,5 kg<\/td>\n<td>3 500 tr\/min<\/td>\n<td>5\u201313 mm<\/td>\n<\/tr>\n<\/tbody>\n<\/table>\n<p>&nbsp;<\/p>\n<p>&nbsp;<\/p>\n<p>&nbsp;<\/p>\n<p>&nbsp;<\/p>\n<p><iframe title=\"Jack F6 Industrial Sewing Machine\" width=\"1140\" height=\"641\" src=\"https:\/\/www.youtube.com\/embed\/CqoSG4jIxJU?feature=oembed\" frameborder=\"0\" allow=\"accelerometer; autoplay; clipboard-write; encrypted-media; gyroscope; picture-in-picture; web-share\" referrerpolicy=\"strict-origin-when-cross-origin\" allowfullscreen><\/iframe><\/p>\n","protected":false},"excerpt":{"rendered":"<p>Nouvel Jack F6 piqueuse simple (remplace la Jack F5 plus disponible)<\/p>\n<p>&nbsp;<\/p>\n<ul>\n<li style=\"list-style-type: none;\">\n<ul>\n<li style=\"list-style-type: none;\">\n<ul>\n<li style=\"list-style-type: none;\">\n<ul>\n<li style=\"list-style-type: none;\">\n<ul>\n<li style=\"list-style-type: none;\">\n<ul>\n<li>mont\u00e9e sur b\u00e2ti renforc\u00e9 europ\u00e9en<\/li>\n<li>Garantie 2 ans<\/li>\n<li>Livraison Gratuite sur Bruxelles et p\u00e9riph\u00e9rie<\/li>\n<li>Livraison toute la Belgique sur devis<\/li>\n<li>Pieds tirettes offerts<\/li>\n<\/ul>\n<\/li>\n<\/ul>\n<\/li>\n<\/ul>\n<\/li>\n<\/ul>\n<\/li>\n<\/ul>\n<\/li>\n<\/ul>\n","protected":false},"featured_media":10557,"comment_status":"open","ping_status":"closed","template":"","meta":{"om_disable_all_campaigns":false,"_monsterinsights_skip_tracking":false,"_monsterinsights_sitenote_active":false,"_monsterinsights_sitenote_note":"","_monsterinsights_sitenote_category":0,"_uf_show_specific_survey":0,"_uf_disable_surveys":false},"product_brand":[],"product_cat":[67],"product_tag":[],"giftcard-category":[],"class_list":{"0":"post-10555","1":"product","2":"type-product","3":"status-publish","4":"has-post-thumbnail","6":"product_cat-piqueuse-industrielle","8":"first","9":"instock","10":"sale","11":"shipping-taxable","12":"purchasable","13":"product-type-simple"},"aioseo_notices":[],"jetpack_sharing_enabled":true,"_links":{"self":[{"href":"https:\/\/berninabrussels.be\/index.php?rest_route=\/wp\/v2\/product\/10555","targetHints":{"allow":["GET"]}}],"collection":[{"href":"https:\/\/berninabrussels.be\/index.php?rest_route=\/wp\/v2\/product"}],"about":[{"href":"https:\/\/berninabrussels.be\/index.php?rest_route=\/wp\/v2\/types\/product"}],"replies":[{"embeddable":true,"href":"https:\/\/berninabrussels.be\/index.php?rest_route=%2Fwp%2Fv2%2Fcomments&post=10555"}],"wp:featuredmedia":[{"embeddable":true,"href":"https:\/\/berninabrussels.be\/index.php?rest_route=\/wp\/v2\/media\/10557"}],"wp:attachment":[{"href":"https:\/\/berninabrussels.be\/index.php?rest_route=%2Fwp%2Fv2%2Fmedia&parent=10555"}],"wp:term":[{"taxonomy":"product_brand","embeddable":true,"href":"https:\/\/berninabrussels.be\/index.php?rest_route=%2Fwp%2Fv2%2Fproduct_brand&post=10555"},{"taxonomy":"product_cat","embeddable":true,"href":"https:\/\/berninabrussels.be\/index.php?rest_route=%2Fwp%2Fv2%2Fproduct_cat&post=10555"},{"taxonomy":"product_tag","embeddable":true,"href":"https:\/\/berninabrussels.be\/index.php?rest_route=%2Fwp%2Fv2%2Fproduct_tag&post=10555"},{"taxonomy":"giftcard-category","embeddable":true,"href":"https:\/\/berninabrussels.be\/index.php?rest_route=%2Fwp%2Fv2%2Fgiftcard-category&post=10555"}],"curies":[{"name":"wp","href":"https:\/\/api.w.org\/{rel}","templated":true}]}}