{"id":10544,"date":"2025-11-29T17:24:43","date_gmt":"2025-11-29T16:24:43","guid":{"rendered":"https:\/\/berninabrussels.be\/?post_type=product&#038;p=10544"},"modified":"2025-11-29T17:24:43","modified_gmt":"2025-11-29T16:24:43","slug":"10544","status":"publish","type":"product","link":"https:\/\/berninabrussels.be\/?product=10544","title":{"rendered":""},"content":{"rendered":"<h2>Coffret de fils \u00e0 coudre SERALON \u2013 96 bobines<\/h2>\n<p>&nbsp;<\/p>\n<p><b>L\u2019indispensable pour tous les amoureux de la couleur !<\/b><\/p>\n<p>D\u00e9couvrez le fil \u00e0 coudre universel\u00a0<b>SERALON<\/b>\u00a0dans un coffret pratique contenant\u00a0<b>96 bobines<\/b>\u00a0de 200 m (220 yards), r\u00e9parties dans toutes les familles de couleurs. Ce coffret \u00ab\u00a0TCSE96-Kit\u00a0\u00bb est id\u00e9al pour tous ceux qui aiment travailler avec une large palette de teintes.<\/p>\n<p>Le coffret transparent est\u00a0<b>ordonn\u00e9, pratique et bien organis\u00e9,<\/b>\u00a0ce qui le rend tr\u00e8s agr\u00e9able \u00e0 utiliser. Gr\u00e2ce \u00e0 cette vaste s\u00e9lection, vous avez toujours\u00a0<b>la bonne couleur sous la main<\/b>\u00a0pour chaque projet de couture. Petit plus : m\u00eame les bobines d\u00e9j\u00e0 bien entam\u00e9es trouvent leur place dans le coffret.<img data-recalc-dims=\"1\" fetchpriority=\"high\" decoding=\"async\" class=\"alignnone size-medium wp-image-10546\" src=\"https:\/\/i0.wp.com\/berninabrussels.be\/wp-content\/uploads\/2025\/11\/metler2.jpg?resize=300%2C300&#038;ssl=1\" alt=\"\" width=\"300\" height=\"300\" srcset=\"https:\/\/i0.wp.com\/berninabrussels.be\/wp-content\/uploads\/2025\/11\/metler2.jpg?resize=300%2C300&amp;ssl=1 300w, https:\/\/i0.wp.com\/berninabrussels.be\/wp-content\/uploads\/2025\/11\/metler2.jpg?resize=1024%2C1024&amp;ssl=1 1024w, https:\/\/i0.wp.com\/berninabrussels.be\/wp-content\/uploads\/2025\/11\/metler2.jpg?resize=150%2C150&amp;ssl=1 150w, https:\/\/i0.wp.com\/berninabrussels.be\/wp-content\/uploads\/2025\/11\/metler2.jpg?resize=768%2C768&amp;ssl=1 768w, https:\/\/i0.wp.com\/berninabrussels.be\/wp-content\/uploads\/2025\/11\/metler2.jpg?resize=1000%2C1000&amp;ssl=1 1000w, https:\/\/i0.wp.com\/berninabrussels.be\/wp-content\/uploads\/2025\/11\/metler2.jpg?resize=100%2C100&amp;ssl=1 100w, https:\/\/i0.wp.com\/berninabrussels.be\/wp-content\/uploads\/2025\/11\/metler2.jpg?resize=64%2C64&amp;ssl=1 64w, https:\/\/i0.wp.com\/berninabrussels.be\/wp-content\/uploads\/2025\/11\/metler2.jpg?w=1200&amp;ssl=1 1200w\" sizes=\"(max-width: 300px) 100vw, 300px\" \/><\/p>\n","protected":false},"excerpt":{"rendered":"<h2>Coffret de fils \u00e0 coudre SERALON \u2013 96 bobines<\/h2>\n<p>&nbsp;<\/p>\n<p><b>L\u2019indispensable pour tous les amoureux de la couleur\u00a0<\/b><\/p>\n<p>&nbsp;<\/p>\n","protected":false},"featured_media":10545,"comment_status":"open","ping_status":"closed","template":"","meta":{"om_disable_all_campaigns":false,"_monsterinsights_skip_tracking":false,"_monsterinsights_sitenote_active":false,"_monsterinsights_sitenote_note":"","_monsterinsights_sitenote_category":0,"_uf_show_specific_survey":0,"_uf_disable_surveys":false},"product_brand":[],"product_cat":[265],"product_tag":[],"giftcard-category":[],"class_list":{"0":"post-10544","1":"product","2":"type-product","3":"status-publish","4":"has-post-thumbnail","6":"product_cat-fils-a-coudre","8":"first","9":"instock","10":"shipping-taxable","11":"purchasable","12":"product-type-simple"},"aioseo_notices":[],"jetpack_sharing_enabled":true,"_links":{"self":[{"href":"https:\/\/berninabrussels.be\/index.php?rest_route=\/wp\/v2\/product\/10544","targetHints":{"allow":["GET"]}}],"collection":[{"href":"https:\/\/berninabrussels.be\/index.php?rest_route=\/wp\/v2\/product"}],"about":[{"href":"https:\/\/berninabrussels.be\/index.php?rest_route=\/wp\/v2\/types\/product"}],"replies":[{"embeddable":true,"href":"https:\/\/berninabrussels.be\/index.php?rest_route=%2Fwp%2Fv2%2Fcomments&post=10544"}],"wp:featuredmedia":[{"embeddable":true,"href":"https:\/\/berninabrussels.be\/index.php?rest_route=\/wp\/v2\/media\/10545"}],"wp:attachment":[{"href":"https:\/\/berninabrussels.be\/index.php?rest_route=%2Fwp%2Fv2%2Fmedia&parent=10544"}],"wp:term":[{"taxonomy":"product_brand","embeddable":true,"href":"https:\/\/berninabrussels.be\/index.php?rest_route=%2Fwp%2Fv2%2Fproduct_brand&post=10544"},{"taxonomy":"product_cat","embeddable":true,"href":"https:\/\/berninabrussels.be\/index.php?rest_route=%2Fwp%2Fv2%2Fproduct_cat&post=10544"},{"taxonomy":"product_tag","embeddable":true,"href":"https:\/\/berninabrussels.be\/index.php?rest_route=%2Fwp%2Fv2%2Fproduct_tag&post=10544"},{"taxonomy":"giftcard-category","embeddable":true,"href":"https:\/\/berninabrussels.be\/index.php?rest_route=%2Fwp%2Fv2%2Fgiftcard-category&post=10544"}],"curies":[{"name":"wp","href":"https:\/\/api.w.org\/{rel}","templated":true}]}}