{"id":1050,"date":"2023-05-09T16:56:44","date_gmt":"2023-05-09T14:56:44","guid":{"rendered":"https:\/\/berninabrussels.be\/?post_type=product&#038;p=1050"},"modified":"2023-05-09T20:47:07","modified_gmt":"2023-05-09T18:47:07","slug":"pied-fronceur-metal-jd","status":"publish","type":"product","link":"https:\/\/berninabrussels.be\/?product=pied-fronceur-metal-jd","title":{"rendered":"Pied fronceur m\u00e9tal \u00ab\u00a0JD\u00a0\u00bb"},"content":{"rendered":"<h3>Pied fronceur m\u00e9tal BERNETTE<\/h3>\n<p>La semelle du pied n&rsquo;\u00e9tant pas plane, le pied pour fronces fait avancer le tissu d&rsquo;une fa\u00e7on non uniforme. Les fronces form\u00e9es durant la piq\u00fbre sont tr\u00e8s attrayantes.<\/p>\n","protected":false},"excerpt":{"rendered":"<p>Pied fronceur m\u00e9tal BERNETTE La semelle du pied n&rsquo;\u00e9tant pas plane, le pied pour fronces fait avancer le tissu d&rsquo;une fa\u00e7on non uniforme. Les fronces form\u00e9es durant la piq\u00fbre sont tr\u00e8s attrayantes.<\/p>\n","protected":false},"featured_media":1051,"comment_status":"open","ping_status":"closed","template":"","meta":{"om_disable_all_campaigns":false,"_monsterinsights_skip_tracking":false,"_monsterinsights_sitenote_active":false,"_monsterinsights_sitenote_note":"","_monsterinsights_sitenote_category":0,"_uf_show_specific_survey":0,"_uf_disable_surveys":false},"product_brand":[],"product_cat":[195],"product_tag":[],"giftcard-category":[],"class_list":{"0":"post-1050","1":"product","2":"type-product","3":"status-publish","4":"has-post-thumbnail","6":"product_cat-pied-fronceur","7":"pa_marque-bernette","9":"first","10":"instock","11":"sale","12":"shipping-taxable","13":"purchasable","14":"product-type-simple"},"aioseo_notices":[],"jetpack_sharing_enabled":true,"_links":{"self":[{"href":"https:\/\/berninabrussels.be\/index.php?rest_route=\/wp\/v2\/product\/1050","targetHints":{"allow":["GET"]}}],"collection":[{"href":"https:\/\/berninabrussels.be\/index.php?rest_route=\/wp\/v2\/product"}],"about":[{"href":"https:\/\/berninabrussels.be\/index.php?rest_route=\/wp\/v2\/types\/product"}],"replies":[{"embeddable":true,"href":"https:\/\/berninabrussels.be\/index.php?rest_route=%2Fwp%2Fv2%2Fcomments&post=1050"}],"wp:featuredmedia":[{"embeddable":true,"href":"https:\/\/berninabrussels.be\/index.php?rest_route=\/wp\/v2\/media\/1051"}],"wp:attachment":[{"href":"https:\/\/berninabrussels.be\/index.php?rest_route=%2Fwp%2Fv2%2Fmedia&parent=1050"}],"wp:term":[{"taxonomy":"product_brand","embeddable":true,"href":"https:\/\/berninabrussels.be\/index.php?rest_route=%2Fwp%2Fv2%2Fproduct_brand&post=1050"},{"taxonomy":"product_cat","embeddable":true,"href":"https:\/\/berninabrussels.be\/index.php?rest_route=%2Fwp%2Fv2%2Fproduct_cat&post=1050"},{"taxonomy":"product_tag","embeddable":true,"href":"https:\/\/berninabrussels.be\/index.php?rest_route=%2Fwp%2Fv2%2Fproduct_tag&post=1050"},{"taxonomy":"giftcard-category","embeddable":true,"href":"https:\/\/berninabrussels.be\/index.php?rest_route=%2Fwp%2Fv2%2Fgiftcard-category&post=1050"}],"curies":[{"name":"wp","href":"https:\/\/api.w.org\/{rel}","templated":true}]}}