{"id":1048,"date":"2023-05-09T16:55:14","date_gmt":"2023-05-09T14:55:14","guid":{"rendered":"https:\/\/berninabrussels.be\/?post_type=product&#038;p=1048"},"modified":"2023-05-09T20:48:12","modified_gmt":"2023-05-09T18:48:12","slug":"pied-pour-broderie-ouverte-entrain-biface-dn","status":"publish","type":"product","link":"https:\/\/berninabrussels.be\/?product=pied-pour-broderie-ouverte-entrain-biface-dn","title":{"rendered":"Pied pour broderie ouverte entrain biface \u00ab\u00a0DN\u00a0\u00bb"},"content":{"rendered":"<h3>Pied ouvert pour broderie pour l&rsquo;entra\u00eenement biface<\/h3>\n<p>Ce pied facilite l&rsquo;ex\u00e9cution rapide d&rsquo;appliqu\u00e9s et d&rsquo;ouvrages de broderie, ainsi que la surpiq\u00fbre de lignes ou de motifs. Sa forme ouverte garantit une visibilit\u00e9 optimale de l&rsquo;ourlet, ce qui le rend id\u00e9al pour coudre des bandes ou des rubans. Le pied ouvert pour broderie pour l&rsquo;entra\u00eenement biface int\u00e8gre une petite rainure sur la partie arri\u00e8re du pied-de-biche pour activer l&rsquo;entra\u00eenement biface int\u00e9gr\u00e9. Ceci permet l&rsquo;entra\u00eenement uniforme de plusieurs couches de tissus et de mati\u00e8res \u00abcollantes\u00bb, par exemple le cuir et le plastique.<\/p>\n","protected":false},"excerpt":{"rendered":"<p>Pied ouvert pour broderie pour l&rsquo;entra\u00eenement biface Ce pied facilite l&rsquo;ex\u00e9cution rapide d&rsquo;appliqu\u00e9s et d&rsquo;ouvrages de broderie, ainsi que la surpiq\u00fbre de lignes ou de motifs. Sa forme ouverte garantit une visibilit\u00e9 optimale de l&rsquo;ourlet, ce qui le rend id\u00e9al pour coudre des bandes ou des rubans. Le pied ouvert pour broderie pour l&rsquo;entra\u00eenement biface&hellip;<\/p>\n","protected":false},"featured_media":1049,"comment_status":"open","ping_status":"closed","template":"","meta":{"om_disable_all_campaigns":false,"_monsterinsights_skip_tracking":false,"_monsterinsights_sitenote_active":false,"_monsterinsights_sitenote_note":"","_monsterinsights_sitenote_category":0,"_uf_show_specific_survey":0,"_uf_disable_surveys":false},"product_brand":[],"product_cat":[42,44,240,156],"product_tag":[124],"giftcard-category":[],"class_list":{"0":"post-1048","1":"product","2":"type-product","3":"status-publish","4":"has-post-thumbnail","6":"product_cat-accesoires","7":"product_cat-machine-a-coudre","8":"product_cat-pieds-presseurs","9":"product_cat-pieds-broderie","10":"product_tag-bernette","11":"pa_marque-bernette","13":"first","14":"instock","15":"sale","16":"shipping-taxable","17":"purchasable","18":"product-type-simple"},"aioseo_notices":[],"jetpack_sharing_enabled":true,"_links":{"self":[{"href":"https:\/\/berninabrussels.be\/index.php?rest_route=\/wp\/v2\/product\/1048","targetHints":{"allow":["GET"]}}],"collection":[{"href":"https:\/\/berninabrussels.be\/index.php?rest_route=\/wp\/v2\/product"}],"about":[{"href":"https:\/\/berninabrussels.be\/index.php?rest_route=\/wp\/v2\/types\/product"}],"replies":[{"embeddable":true,"href":"https:\/\/berninabrussels.be\/index.php?rest_route=%2Fwp%2Fv2%2Fcomments&post=1048"}],"wp:featuredmedia":[{"embeddable":true,"href":"https:\/\/berninabrussels.be\/index.php?rest_route=\/wp\/v2\/media\/1049"}],"wp:attachment":[{"href":"https:\/\/berninabrussels.be\/index.php?rest_route=%2Fwp%2Fv2%2Fmedia&parent=1048"}],"wp:term":[{"taxonomy":"product_brand","embeddable":true,"href":"https:\/\/berninabrussels.be\/index.php?rest_route=%2Fwp%2Fv2%2Fproduct_brand&post=1048"},{"taxonomy":"product_cat","embeddable":true,"href":"https:\/\/berninabrussels.be\/index.php?rest_route=%2Fwp%2Fv2%2Fproduct_cat&post=1048"},{"taxonomy":"product_tag","embeddable":true,"href":"https:\/\/berninabrussels.be\/index.php?rest_route=%2Fwp%2Fv2%2Fproduct_tag&post=1048"},{"taxonomy":"giftcard-category","embeddable":true,"href":"https:\/\/berninabrussels.be\/index.php?rest_route=%2Fwp%2Fv2%2Fgiftcard-category&post=1048"}],"curies":[{"name":"wp","href":"https:\/\/api.w.org\/{rel}","templated":true}]}}