{"id":1046,"date":"2023-05-09T16:53:40","date_gmt":"2023-05-09T14:53:40","guid":{"rendered":"https:\/\/berninabrussels.be\/?post_type=product&#038;p=1046"},"modified":"2023-05-09T20:48:16","modified_gmt":"2023-05-09T18:48:16","slug":"pied-pour-broderie-jk-bernette","status":"publish","type":"product","link":"https:\/\/berninabrussels.be\/?product=pied-pour-broderie-jk-bernette","title":{"rendered":"Pied pour broderie \u00ab\u00a0JK\u00a0\u00bb bernette"},"content":{"rendered":"<h3>Pied pour fermeture \u00e0 glissi\u00e8re pour l&rsquo;entra\u00eenement biface BERNETTE<\/h3>\n<p>Le pied pour broderie offre des r\u00e9sultats d&rsquo;un niveau professionnel pour la broderie et la d\u00e9coration. Il est parfait pour coudre des points satin, des points appliqu\u00e9s ou des points d\u00e9coratifs.<\/p>\n","protected":false},"excerpt":{"rendered":"<p>Pied pour fermeture \u00e0 glissi\u00e8re pour l&rsquo;entra\u00eenement biface BERNETTE Le pied pour broderie offre des r\u00e9sultats d&rsquo;un niveau professionnel pour la broderie et la d\u00e9coration. Il est parfait pour coudre des points satin, des points appliqu\u00e9s ou des points d\u00e9coratifs.<\/p>\n","protected":false},"featured_media":1047,"comment_status":"open","ping_status":"closed","template":"","meta":{"om_disable_all_campaigns":false,"_monsterinsights_skip_tracking":false,"_monsterinsights_sitenote_active":false,"_monsterinsights_sitenote_note":"","_monsterinsights_sitenote_category":0,"_uf_show_specific_survey":0,"_uf_disable_surveys":false},"product_brand":[],"product_cat":[42,44,240,156],"product_tag":[124],"giftcard-category":[],"class_list":{"0":"post-1046","1":"product","2":"type-product","3":"status-publish","4":"has-post-thumbnail","6":"product_cat-accesoires","7":"product_cat-machine-a-coudre","8":"product_cat-pieds-presseurs","9":"product_cat-pieds-broderie","10":"product_tag-bernette","11":"pa_marque-bernette","13":"first","14":"instock","15":"sale","16":"shipping-taxable","17":"purchasable","18":"product-type-simple"},"aioseo_notices":[],"jetpack_sharing_enabled":true,"_links":{"self":[{"href":"https:\/\/berninabrussels.be\/index.php?rest_route=\/wp\/v2\/product\/1046","targetHints":{"allow":["GET"]}}],"collection":[{"href":"https:\/\/berninabrussels.be\/index.php?rest_route=\/wp\/v2\/product"}],"about":[{"href":"https:\/\/berninabrussels.be\/index.php?rest_route=\/wp\/v2\/types\/product"}],"replies":[{"embeddable":true,"href":"https:\/\/berninabrussels.be\/index.php?rest_route=%2Fwp%2Fv2%2Fcomments&post=1046"}],"wp:featuredmedia":[{"embeddable":true,"href":"https:\/\/berninabrussels.be\/index.php?rest_route=\/wp\/v2\/media\/1047"}],"wp:attachment":[{"href":"https:\/\/berninabrussels.be\/index.php?rest_route=%2Fwp%2Fv2%2Fmedia&parent=1046"}],"wp:term":[{"taxonomy":"product_brand","embeddable":true,"href":"https:\/\/berninabrussels.be\/index.php?rest_route=%2Fwp%2Fv2%2Fproduct_brand&post=1046"},{"taxonomy":"product_cat","embeddable":true,"href":"https:\/\/berninabrussels.be\/index.php?rest_route=%2Fwp%2Fv2%2Fproduct_cat&post=1046"},{"taxonomy":"product_tag","embeddable":true,"href":"https:\/\/berninabrussels.be\/index.php?rest_route=%2Fwp%2Fv2%2Fproduct_tag&post=1046"},{"taxonomy":"giftcard-category","embeddable":true,"href":"https:\/\/berninabrussels.be\/index.php?rest_route=%2Fwp%2Fv2%2Fgiftcard-category&post=1046"}],"curies":[{"name":"wp","href":"https:\/\/api.w.org\/{rel}","templated":true}]}}