{"id":1044,"date":"2023-05-09T16:51:52","date_gmt":"2023-05-09T14:51:52","guid":{"rendered":"https:\/\/berninabrussels.be\/?post_type=product&#038;p=1044"},"modified":"2023-05-09T16:53:22","modified_gmt":"2023-05-09T14:53:22","slug":"pied-ourleur-entrainement-biface-dg","status":"publish","type":"product","link":"https:\/\/berninabrussels.be\/?product=pied-ourleur-entrainement-biface-dg","title":{"rendered":"Pied ourleur entrainement biface \u00ab\u00a0DG\u00a0\u00bb"},"content":{"rendered":"<h3>Pied pour points invisibles pour l&rsquo;entra\u00eenement biface BERNETTE<\/h3>\n<p>Ce pied-de-biche sp\u00e9cial est id\u00e9al pour r\u00e9aliser des coutures d&rsquo;une qualit\u00e9 professionnelle. Il replie le tissu deux fois pour cr\u00e9er un ourlet roul\u00e9 magnifique fix\u00e9 ensuite par l&rsquo;aiguille au point droit. Le pied ourleur pour l&rsquo;entra\u00eenement biface int\u00e8gre une petite rainure sur la partie arri\u00e8re du pied-de-biche pour activer l&rsquo;entra\u00eenement biface int\u00e9gr\u00e9. Ceci permet l&rsquo;entra\u00eenement uniforme de plusieurs couches de tissus et de mati\u00e8res \u00abcollantes\u00bb, par exemple le cuir ou le plastique.<\/p>\n","protected":false},"excerpt":{"rendered":"<p>Pied pour points invisibles pour l&rsquo;entra\u00eenement biface BERNETTE Ce pied-de-biche sp\u00e9cial est id\u00e9al pour r\u00e9aliser des coutures d&rsquo;une qualit\u00e9 professionnelle. Il replie le tissu deux fois pour cr\u00e9er un ourlet roul\u00e9 magnifique fix\u00e9 ensuite par l&rsquo;aiguille au point droit. Le pied ourleur pour l&rsquo;entra\u00eenement biface int\u00e8gre une petite rainure sur la partie arri\u00e8re du pied-de-biche&hellip;<\/p>\n","protected":false},"featured_media":1045,"comment_status":"open","ping_status":"closed","template":"","meta":{"om_disable_all_campaigns":false,"_monsterinsights_skip_tracking":false,"_monsterinsights_sitenote_active":false,"_monsterinsights_sitenote_note":"","_monsterinsights_sitenote_category":0,"_uf_show_specific_survey":0,"_uf_disable_surveys":false},"product_brand":[],"product_cat":[42,44,240,194],"product_tag":[124],"giftcard-category":[],"class_list":{"0":"post-1044","1":"product","2":"type-product","3":"status-publish","4":"has-post-thumbnail","6":"product_cat-accesoires","7":"product_cat-machine-a-coudre","8":"product_cat-pieds-presseurs","9":"product_cat-pied-ourleur","10":"product_tag-bernette","12":"first","13":"instock","14":"sale","15":"shipping-taxable","16":"purchasable","17":"product-type-simple"},"aioseo_notices":[],"jetpack_sharing_enabled":true,"_links":{"self":[{"href":"https:\/\/berninabrussels.be\/index.php?rest_route=\/wp\/v2\/product\/1044","targetHints":{"allow":["GET"]}}],"collection":[{"href":"https:\/\/berninabrussels.be\/index.php?rest_route=\/wp\/v2\/product"}],"about":[{"href":"https:\/\/berninabrussels.be\/index.php?rest_route=\/wp\/v2\/types\/product"}],"replies":[{"embeddable":true,"href":"https:\/\/berninabrussels.be\/index.php?rest_route=%2Fwp%2Fv2%2Fcomments&post=1044"}],"wp:featuredmedia":[{"embeddable":true,"href":"https:\/\/berninabrussels.be\/index.php?rest_route=\/wp\/v2\/media\/1045"}],"wp:attachment":[{"href":"https:\/\/berninabrussels.be\/index.php?rest_route=%2Fwp%2Fv2%2Fmedia&parent=1044"}],"wp:term":[{"taxonomy":"product_brand","embeddable":true,"href":"https:\/\/berninabrussels.be\/index.php?rest_route=%2Fwp%2Fv2%2Fproduct_brand&post=1044"},{"taxonomy":"product_cat","embeddable":true,"href":"https:\/\/berninabrussels.be\/index.php?rest_route=%2Fwp%2Fv2%2Fproduct_cat&post=1044"},{"taxonomy":"product_tag","embeddable":true,"href":"https:\/\/berninabrussels.be\/index.php?rest_route=%2Fwp%2Fv2%2Fproduct_tag&post=1044"},{"taxonomy":"giftcard-category","embeddable":true,"href":"https:\/\/berninabrussels.be\/index.php?rest_route=%2Fwp%2Fv2%2Fgiftcard-category&post=1044"}],"curies":[{"name":"wp","href":"https:\/\/api.w.org\/{rel}","templated":true}]}}