{"id":1040,"date":"2023-05-09T12:28:11","date_gmt":"2023-05-09T10:28:11","guid":{"rendered":"https:\/\/berninabrussels.be\/?post_type=product&#038;p=1040"},"modified":"2023-05-09T12:29:18","modified_gmt":"2023-05-09T10:29:18","slug":"pied-surjet-entrainement-biface-bernette","status":"publish","type":"product","link":"https:\/\/berninabrussels.be\/?product=pied-surjet-entrainement-biface-bernette","title":{"rendered":"Pied surjet entra\u00eenement biface Bernette"},"content":{"rendered":"<h3>Pied surjet pour l&rsquo;entra\u00eenement biface BERNETTE<\/h3>\n<p>Le pied de surjet pour l&rsquo;entra\u00eenement biface permet de r\u00e9aliser des finitions d&rsquo;une qualit\u00e9 professionnelle au niveau des bords et de coudre des ourlets comme une surjeteuse. Il est aussi particuli\u00e8rement adapt\u00e9 \u00e0 la couture de manchettes d\u00e9coratives dans la plupart des tissus tricot\u00e9s. Le pied de surjet pour l&rsquo;entra\u00eenement biface int\u00e8gre une petite rainure sur la partie arri\u00e8re du pied-de-biche pour activer l&rsquo;entra\u00eenement biface int\u00e9gr\u00e9. Ceci permet l&rsquo;entra\u00eenement uniforme de plusieurs couches de tissus. Il limite la formation de fronces dans les tissus \u00e9lastiques.<\/p>\n","protected":false},"excerpt":{"rendered":"<p>Pied surjet pour l&rsquo;entra\u00eenement biface BERNETTE Le pied de surjet pour l&rsquo;entra\u00eenement biface permet de r\u00e9aliser des finitions d&rsquo;une qualit\u00e9 professionnelle au niveau des bords et de coudre des ourlets comme une surjeteuse. Il est aussi particuli\u00e8rement adapt\u00e9 \u00e0 la couture de manchettes d\u00e9coratives dans la plupart des tissus tricot\u00e9s. Le pied de surjet pour&hellip;<\/p>\n","protected":false},"featured_media":1041,"comment_status":"open","ping_status":"closed","template":"","meta":{"om_disable_all_campaigns":false,"_monsterinsights_skip_tracking":false,"_monsterinsights_sitenote_active":false,"_monsterinsights_sitenote_note":"","_monsterinsights_sitenote_category":0,"_uf_show_specific_survey":0,"_uf_disable_surveys":false},"product_brand":[],"product_cat":[42,44,240,192],"product_tag":[124],"giftcard-category":[],"class_list":{"0":"post-1040","1":"product","2":"type-product","3":"status-publish","4":"has-post-thumbnail","6":"product_cat-accesoires","7":"product_cat-machine-a-coudre","8":"product_cat-pieds-presseurs","9":"product_cat-autres","10":"product_tag-bernette","12":"first","13":"instock","14":"sale","15":"shipping-taxable","16":"purchasable","17":"product-type-simple"},"aioseo_notices":[],"jetpack_sharing_enabled":true,"_links":{"self":[{"href":"https:\/\/berninabrussels.be\/index.php?rest_route=\/wp\/v2\/product\/1040","targetHints":{"allow":["GET"]}}],"collection":[{"href":"https:\/\/berninabrussels.be\/index.php?rest_route=\/wp\/v2\/product"}],"about":[{"href":"https:\/\/berninabrussels.be\/index.php?rest_route=\/wp\/v2\/types\/product"}],"replies":[{"embeddable":true,"href":"https:\/\/berninabrussels.be\/index.php?rest_route=%2Fwp%2Fv2%2Fcomments&post=1040"}],"wp:featuredmedia":[{"embeddable":true,"href":"https:\/\/berninabrussels.be\/index.php?rest_route=\/wp\/v2\/media\/1041"}],"wp:attachment":[{"href":"https:\/\/berninabrussels.be\/index.php?rest_route=%2Fwp%2Fv2%2Fmedia&parent=1040"}],"wp:term":[{"taxonomy":"product_brand","embeddable":true,"href":"https:\/\/berninabrussels.be\/index.php?rest_route=%2Fwp%2Fv2%2Fproduct_brand&post=1040"},{"taxonomy":"product_cat","embeddable":true,"href":"https:\/\/berninabrussels.be\/index.php?rest_route=%2Fwp%2Fv2%2Fproduct_cat&post=1040"},{"taxonomy":"product_tag","embeddable":true,"href":"https:\/\/berninabrussels.be\/index.php?rest_route=%2Fwp%2Fv2%2Fproduct_tag&post=1040"},{"taxonomy":"giftcard-category","embeddable":true,"href":"https:\/\/berninabrussels.be\/index.php?rest_route=%2Fwp%2Fv2%2Fgiftcard-category&post=1040"}],"curies":[{"name":"wp","href":"https:\/\/api.w.org\/{rel}","templated":true}]}}