{"id":1036,"date":"2023-05-09T12:25:30","date_gmt":"2023-05-09T10:25:30","guid":{"rendered":"https:\/\/berninabrussels.be\/?post_type=product&#038;p=1036"},"modified":"2023-05-09T12:26:28","modified_gmt":"2023-05-09T10:26:28","slug":"guide-pour-bordure-pour-cote-droit","status":"publish","type":"product","link":"https:\/\/berninabrussels.be\/?product=guide-pour-bordure-pour-cote-droit","title":{"rendered":"Guide pour bordure pour c\u00f4t\u00e9 droit"},"content":{"rendered":"<h3>Guide pour bordure (droit) BERNETTE<\/h3>\n<p>Tr\u00e8s pratique, ce guide pour bordure vous aidera \u00e0 obtenir des coutures parfaitement parall\u00e8les et \u00e0 maintenir une distance constante entre celles-ci. Il est aussi d&rsquo;une aide pr\u00e9cieuse pour surpiquer ou confectionner des ourlets. Gr\u00e2ce \u00e0 lui, les ouvrages sont nets et d&rsquo;aspect professionnel. Le guide se fixe facilement dans l&rsquo;ouverture du support du pied-de-biche.<\/p>\n<p>Utilisez cet accessoire tr\u00e8s pratique pour votre machine \u00e0 coudre bernette et profitez d&rsquo;un confort in\u00e9gal\u00e9 pour tous tes travaux de couture et de quilt. La but\u00e9e est elle aussi particuli\u00e8rement adapt\u00e9e \u00e0 la piqure de motifs et de couture r\u00e9guliers de patchwork. Le r\u00e9sultat : comme par magie, vos coutures sont parfaitement rectilignes.<\/p>\n","protected":false},"excerpt":{"rendered":"<p>Guide pour bordure (droit) BERNETTE Tr\u00e8s pratique, ce guide pour bordure vous aidera \u00e0 obtenir des coutures parfaitement parall\u00e8les et \u00e0 maintenir une distance constante entre celles-ci. Il est aussi d&rsquo;une aide pr\u00e9cieuse pour surpiquer ou confectionner des ourlets. Gr\u00e2ce \u00e0 lui, les ouvrages sont nets et d&rsquo;aspect professionnel. Le guide se fixe facilement dans&hellip;<\/p>\n","protected":false},"featured_media":1037,"comment_status":"open","ping_status":"closed","template":"","meta":{"om_disable_all_campaigns":false,"_monsterinsights_skip_tracking":false,"_monsterinsights_sitenote_active":false,"_monsterinsights_sitenote_note":"","_monsterinsights_sitenote_category":0,"_uf_show_specific_survey":0,"_uf_disable_surveys":false},"product_brand":[],"product_cat":[180],"product_tag":[124],"giftcard-category":[],"class_list":{"0":"post-1036","1":"product","2":"type-product","3":"status-publish","4":"has-post-thumbnail","6":"product_cat-guide-couture","7":"product_tag-bernette","9":"first","10":"instock","11":"shipping-taxable","12":"purchasable","13":"product-type-simple"},"aioseo_notices":[],"jetpack_sharing_enabled":true,"_links":{"self":[{"href":"https:\/\/berninabrussels.be\/index.php?rest_route=\/wp\/v2\/product\/1036","targetHints":{"allow":["GET"]}}],"collection":[{"href":"https:\/\/berninabrussels.be\/index.php?rest_route=\/wp\/v2\/product"}],"about":[{"href":"https:\/\/berninabrussels.be\/index.php?rest_route=\/wp\/v2\/types\/product"}],"replies":[{"embeddable":true,"href":"https:\/\/berninabrussels.be\/index.php?rest_route=%2Fwp%2Fv2%2Fcomments&post=1036"}],"wp:featuredmedia":[{"embeddable":true,"href":"https:\/\/berninabrussels.be\/index.php?rest_route=\/wp\/v2\/media\/1037"}],"wp:attachment":[{"href":"https:\/\/berninabrussels.be\/index.php?rest_route=%2Fwp%2Fv2%2Fmedia&parent=1036"}],"wp:term":[{"taxonomy":"product_brand","embeddable":true,"href":"https:\/\/berninabrussels.be\/index.php?rest_route=%2Fwp%2Fv2%2Fproduct_brand&post=1036"},{"taxonomy":"product_cat","embeddable":true,"href":"https:\/\/berninabrussels.be\/index.php?rest_route=%2Fwp%2Fv2%2Fproduct_cat&post=1036"},{"taxonomy":"product_tag","embeddable":true,"href":"https:\/\/berninabrussels.be\/index.php?rest_route=%2Fwp%2Fv2%2Fproduct_tag&post=1036"},{"taxonomy":"giftcard-category","embeddable":true,"href":"https:\/\/berninabrussels.be\/index.php?rest_route=%2Fwp%2Fv2%2Fgiftcard-category&post=1036"}],"curies":[{"name":"wp","href":"https:\/\/api.w.org\/{rel}","templated":true}]}}