{"id":1032,"date":"2023-05-09T12:22:51","date_gmt":"2023-05-09T10:22:51","guid":{"rendered":"https:\/\/berninabrussels.be\/?post_type=product&#038;p=1032"},"modified":"2023-05-09T12:24:13","modified_gmt":"2023-05-09T10:24:13","slug":"pied-patchwork-entrainement-biface-de","status":"publish","type":"product","link":"https:\/\/berninabrussels.be\/?product=pied-patchwork-entrainement-biface-de","title":{"rendered":"Pied patchwork entra\u00eenement biface \u00ab\u00a0DE\u00a0\u00bb"},"content":{"rendered":"<h3>Pied pour patchwork pour l&rsquo;entra\u00eenement biface BERNETTE<\/h3>\n<p>Ce pied est parfait pour les patchworks r\u00e9alis\u00e9s avec des surplus de couture pr\u00e9cis de 1\/4 et 1\/8 pouces. Le pied pour patchwork pour l&rsquo;entra\u00eenement biface int\u00e8gre une petite rainure sur la partie arri\u00e8re du pied-de-biche pour activer l&rsquo;entra\u00eenement biface int\u00e9gr\u00e9. Ceci permet l&rsquo;entra\u00eenement uniforme de plusieurs couches de tissus et de mati\u00e8res \u00abcollantes\u00bb, par exemple le cuir et le plastique.<\/p>\n","protected":false},"excerpt":{"rendered":"<p>Pied pour patchwork pour l&rsquo;entra\u00eenement biface BERNETTE Ce pied est parfait pour les patchworks r\u00e9alis\u00e9s avec des surplus de couture pr\u00e9cis de 1\/4 et 1\/8 pouces. Le pied pour patchwork pour l&rsquo;entra\u00eenement biface int\u00e8gre une petite rainure sur la partie arri\u00e8re du pied-de-biche pour activer l&rsquo;entra\u00eenement biface int\u00e9gr\u00e9. Ceci permet l&rsquo;entra\u00eenement uniforme de plusieurs couches&hellip;<\/p>\n","protected":false},"featured_media":1033,"comment_status":"open","ping_status":"closed","template":"","meta":{"om_disable_all_campaigns":false,"_monsterinsights_skip_tracking":false,"_monsterinsights_sitenote_active":false,"_monsterinsights_sitenote_note":"","_monsterinsights_sitenote_category":0,"_uf_show_specific_survey":0,"_uf_disable_surveys":false},"product_brand":[],"product_cat":[206],"product_tag":[124],"giftcard-category":[],"class_list":{"0":"post-1032","1":"product","2":"type-product","3":"status-publish","4":"has-post-thumbnail","6":"product_cat-pied-patchwork","7":"product_tag-bernette","9":"first","10":"instock","11":"sale","12":"shipping-taxable","13":"purchasable","14":"product-type-simple"},"aioseo_notices":[],"jetpack_sharing_enabled":true,"_links":{"self":[{"href":"https:\/\/berninabrussels.be\/index.php?rest_route=\/wp\/v2\/product\/1032","targetHints":{"allow":["GET"]}}],"collection":[{"href":"https:\/\/berninabrussels.be\/index.php?rest_route=\/wp\/v2\/product"}],"about":[{"href":"https:\/\/berninabrussels.be\/index.php?rest_route=\/wp\/v2\/types\/product"}],"replies":[{"embeddable":true,"href":"https:\/\/berninabrussels.be\/index.php?rest_route=%2Fwp%2Fv2%2Fcomments&post=1032"}],"wp:featuredmedia":[{"embeddable":true,"href":"https:\/\/berninabrussels.be\/index.php?rest_route=\/wp\/v2\/media\/1033"}],"wp:attachment":[{"href":"https:\/\/berninabrussels.be\/index.php?rest_route=%2Fwp%2Fv2%2Fmedia&parent=1032"}],"wp:term":[{"taxonomy":"product_brand","embeddable":true,"href":"https:\/\/berninabrussels.be\/index.php?rest_route=%2Fwp%2Fv2%2Fproduct_brand&post=1032"},{"taxonomy":"product_cat","embeddable":true,"href":"https:\/\/berninabrussels.be\/index.php?rest_route=%2Fwp%2Fv2%2Fproduct_cat&post=1032"},{"taxonomy":"product_tag","embeddable":true,"href":"https:\/\/berninabrussels.be\/index.php?rest_route=%2Fwp%2Fv2%2Fproduct_tag&post=1032"},{"taxonomy":"giftcard-category","embeddable":true,"href":"https:\/\/berninabrussels.be\/index.php?rest_route=%2Fwp%2Fv2%2Fgiftcard-category&post=1032"}],"curies":[{"name":"wp","href":"https:\/\/api.w.org\/{rel}","templated":true}]}}