{"id":1026,"date":"2023-05-09T12:19:07","date_gmt":"2023-05-09T10:19:07","guid":{"rendered":"https:\/\/berninabrussels.be\/?post_type=product&#038;p=1026"},"modified":"2023-05-09T12:20:28","modified_gmt":"2023-05-09T10:20:28","slug":"pied-pour-couture-de-bouton-m-bernette-2","status":"publish","type":"product","link":"https:\/\/berninabrussels.be\/?product=pied-pour-couture-de-bouton-m-bernette-2","title":{"rendered":"Pied pour couture de bouton \u00ab\u00a0M\u00a0\u00bb Bernette"},"content":{"rendered":"<h3>Pied pour coudre les boutons BERNETTE<\/h3>\n<p>Ce pied de biche peut coudre des boutonni\u00e8res de tailles diff\u00e9rentes ainsi que des anneaux et des crochets. Le pied pour couture de bouton a une semelle antid\u00e9rapante afin de s&rsquo;assurer que le bouton ne glisse pas loin du pied.<\/p>\n","protected":false},"excerpt":{"rendered":"<p>Pied pour coudre les boutons BERNETTE Ce pied de biche peut coudre des boutonni\u00e8res de tailles diff\u00e9rentes ainsi que des anneaux et des crochets. Le pied pour couture de bouton a une semelle antid\u00e9rapante afin de s&rsquo;assurer que le bouton ne glisse pas loin du pied.<\/p>\n","protected":false},"featured_media":1027,"comment_status":"open","ping_status":"closed","template":"","meta":{"om_disable_all_campaigns":false,"_monsterinsights_skip_tracking":false,"_monsterinsights_sitenote_active":false,"_monsterinsights_sitenote_note":"","_monsterinsights_sitenote_category":0,"_uf_show_specific_survey":0,"_uf_disable_surveys":false},"product_brand":[],"product_cat":[42,44,240,186],"product_tag":[124],"giftcard-category":[],"class_list":{"0":"post-1026","1":"product","2":"type-product","3":"status-publish","4":"has-post-thumbnail","6":"product_cat-accesoires","7":"product_cat-machine-a-coudre","8":"product_cat-pieds-presseurs","9":"product_cat-pied-pose-bouton","10":"product_tag-bernette","12":"first","13":"instock","14":"shipping-taxable","15":"purchasable","16":"product-type-simple"},"aioseo_notices":[],"jetpack_sharing_enabled":true,"_links":{"self":[{"href":"https:\/\/berninabrussels.be\/index.php?rest_route=\/wp\/v2\/product\/1026","targetHints":{"allow":["GET"]}}],"collection":[{"href":"https:\/\/berninabrussels.be\/index.php?rest_route=\/wp\/v2\/product"}],"about":[{"href":"https:\/\/berninabrussels.be\/index.php?rest_route=\/wp\/v2\/types\/product"}],"replies":[{"embeddable":true,"href":"https:\/\/berninabrussels.be\/index.php?rest_route=%2Fwp%2Fv2%2Fcomments&post=1026"}],"wp:featuredmedia":[{"embeddable":true,"href":"https:\/\/berninabrussels.be\/index.php?rest_route=\/wp\/v2\/media\/1027"}],"wp:attachment":[{"href":"https:\/\/berninabrussels.be\/index.php?rest_route=%2Fwp%2Fv2%2Fmedia&parent=1026"}],"wp:term":[{"taxonomy":"product_brand","embeddable":true,"href":"https:\/\/berninabrussels.be\/index.php?rest_route=%2Fwp%2Fv2%2Fproduct_brand&post=1026"},{"taxonomy":"product_cat","embeddable":true,"href":"https:\/\/berninabrussels.be\/index.php?rest_route=%2Fwp%2Fv2%2Fproduct_cat&post=1026"},{"taxonomy":"product_tag","embeddable":true,"href":"https:\/\/berninabrussels.be\/index.php?rest_route=%2Fwp%2Fv2%2Fproduct_tag&post=1026"},{"taxonomy":"giftcard-category","embeddable":true,"href":"https:\/\/berninabrussels.be\/index.php?rest_route=%2Fwp%2Fv2%2Fgiftcard-category&post=1026"}],"curies":[{"name":"wp","href":"https:\/\/api.w.org\/{rel}","templated":true}]}}