{"id":1024,"date":"2023-05-09T12:17:43","date_gmt":"2023-05-09T10:17:43","guid":{"rendered":"https:\/\/berninabrussels.be\/?post_type=product&#038;p=1024"},"modified":"2023-05-09T12:19:02","modified_gmt":"2023-05-09T10:19:02","slug":"pied-zigzag-avec-guide","status":"publish","type":"product","link":"https:\/\/berninabrussels.be\/?product=pied-zigzag-avec-guide","title":{"rendered":"Pied zigzag avec guide"},"content":{"rendered":"<h3>Pied zigzag avec guide BERNETTE \/ SINGER<\/h3>\n<p>Le pied zigzag avec guide r\u00e9glable dispose d\u2018une \u00ab\u00a0r\u00e8gle\u201c avec un guide r\u00e9glable con\u00e7u pour que vous puissiez le placer o\u00f9 vous voulez. Placez le guide le long d\u2018une couture d\u00e9j\u00e0 faite ou d\u2018un bord pour obtenir une superbe surpiq\u00fbre. Utilisez les points droits et les points fantaisie. Il est \u00e9galement parfait pour le quilting en canal.<\/p>\n","protected":false},"excerpt":{"rendered":"<p>Pied zigzag avec guide BERNETTE \/ SINGER Le pied zigzag avec guide r\u00e9glable dispose d\u2018une \u00ab\u00a0r\u00e8gle\u201c avec un guide r\u00e9glable con\u00e7u pour que vous puissiez le placer o\u00f9 vous voulez. Placez le guide le long d\u2018une couture d\u00e9j\u00e0 faite ou d\u2018un bord pour obtenir une superbe surpiq\u00fbre. Utilisez les points droits et les points fantaisie.&hellip;<\/p>\n","protected":false},"featured_media":1025,"comment_status":"open","ping_status":"closed","template":"","meta":{"om_disable_all_campaigns":false,"_monsterinsights_skip_tracking":false,"_monsterinsights_sitenote_active":false,"_monsterinsights_sitenote_note":"","_monsterinsights_sitenote_category":0,"_uf_show_specific_survey":0,"_uf_disable_surveys":false},"product_brand":[],"product_cat":[42,44,240,189],"product_tag":[124],"giftcard-category":[],"class_list":{"0":"post-1024","1":"product","2":"type-product","3":"status-publish","4":"has-post-thumbnail","6":"product_cat-accesoires","7":"product_cat-machine-a-coudre","8":"product_cat-pieds-presseurs","9":"product_cat-pied-zig-zag","10":"product_tag-bernette","12":"first","13":"instock","14":"sale","15":"shipping-taxable","16":"purchasable","17":"product-type-simple"},"aioseo_notices":[],"jetpack_sharing_enabled":true,"_links":{"self":[{"href":"https:\/\/berninabrussels.be\/index.php?rest_route=\/wp\/v2\/product\/1024","targetHints":{"allow":["GET"]}}],"collection":[{"href":"https:\/\/berninabrussels.be\/index.php?rest_route=\/wp\/v2\/product"}],"about":[{"href":"https:\/\/berninabrussels.be\/index.php?rest_route=\/wp\/v2\/types\/product"}],"replies":[{"embeddable":true,"href":"https:\/\/berninabrussels.be\/index.php?rest_route=%2Fwp%2Fv2%2Fcomments&post=1024"}],"wp:featuredmedia":[{"embeddable":true,"href":"https:\/\/berninabrussels.be\/index.php?rest_route=\/wp\/v2\/media\/1025"}],"wp:attachment":[{"href":"https:\/\/berninabrussels.be\/index.php?rest_route=%2Fwp%2Fv2%2Fmedia&parent=1024"}],"wp:term":[{"taxonomy":"product_brand","embeddable":true,"href":"https:\/\/berninabrussels.be\/index.php?rest_route=%2Fwp%2Fv2%2Fproduct_brand&post=1024"},{"taxonomy":"product_cat","embeddable":true,"href":"https:\/\/berninabrussels.be\/index.php?rest_route=%2Fwp%2Fv2%2Fproduct_cat&post=1024"},{"taxonomy":"product_tag","embeddable":true,"href":"https:\/\/berninabrussels.be\/index.php?rest_route=%2Fwp%2Fv2%2Fproduct_tag&post=1024"},{"taxonomy":"giftcard-category","embeddable":true,"href":"https:\/\/berninabrussels.be\/index.php?rest_route=%2Fwp%2Fv2%2Fgiftcard-category&post=1024"}],"curies":[{"name":"wp","href":"https:\/\/api.w.org\/{rel}","templated":true}]}}