{"id":1022,"date":"2023-05-09T12:16:16","date_gmt":"2023-05-09T10:16:16","guid":{"rendered":"https:\/\/berninabrussels.be\/?post_type=product&#038;p=1022"},"modified":"2023-05-09T12:17:38","modified_gmt":"2023-05-09T10:17:38","slug":"pied-anti-adherent-teflon-t-bernette","status":"publish","type":"product","link":"https:\/\/berninabrussels.be\/?product=pied-anti-adherent-teflon-t-bernette","title":{"rendered":"Pied anti-adh\u00e9rent, t\u00e9flon \u00ab\u00a0T\u00a0\u00bb Bernette"},"content":{"rendered":"<h3>Pied anti-adh\u00e9rent, t\u00e9flon \u00ab\u00a0T\u00a0\u00bb BERNETTE<\/h3>\n<p><b>Original Bernette<\/b><\/p>\n<p>La semelle de glissement garantit l&rsquo;avanc\u00e9e uniforme des tissus difficiles \u00e0 entra\u00eener, par exemple le cuir, le plastique, le vinyl et autres tissus similaires.<\/p>\n","protected":false},"excerpt":{"rendered":"<p>Pied anti-adh\u00e9rent, t\u00e9flon \u00ab\u00a0T\u00a0\u00bb BERNETTE Original Bernette La semelle de glissement garantit l&rsquo;avanc\u00e9e uniforme des tissus difficiles \u00e0 entra\u00eener, par exemple le cuir, le plastique, le vinyl et autres tissus similaires.<\/p>\n","protected":false},"featured_media":1023,"comment_status":"open","ping_status":"closed","template":"","meta":{"om_disable_all_campaigns":false,"_monsterinsights_skip_tracking":false,"_monsterinsights_sitenote_active":false,"_monsterinsights_sitenote_note":"","_monsterinsights_sitenote_category":0,"_uf_show_specific_survey":0,"_uf_disable_surveys":false},"product_brand":[],"product_cat":[42,44,240,192],"product_tag":[124],"giftcard-category":[],"class_list":{"0":"post-1022","1":"product","2":"type-product","3":"status-publish","4":"has-post-thumbnail","6":"product_cat-accesoires","7":"product_cat-machine-a-coudre","8":"product_cat-pieds-presseurs","9":"product_cat-autres","10":"product_tag-bernette","12":"first","13":"instock","14":"sale","15":"shipping-taxable","16":"purchasable","17":"product-type-simple"},"aioseo_notices":[],"jetpack_sharing_enabled":true,"_links":{"self":[{"href":"https:\/\/berninabrussels.be\/index.php?rest_route=\/wp\/v2\/product\/1022","targetHints":{"allow":["GET"]}}],"collection":[{"href":"https:\/\/berninabrussels.be\/index.php?rest_route=\/wp\/v2\/product"}],"about":[{"href":"https:\/\/berninabrussels.be\/index.php?rest_route=\/wp\/v2\/types\/product"}],"replies":[{"embeddable":true,"href":"https:\/\/berninabrussels.be\/index.php?rest_route=%2Fwp%2Fv2%2Fcomments&post=1022"}],"wp:featuredmedia":[{"embeddable":true,"href":"https:\/\/berninabrussels.be\/index.php?rest_route=\/wp\/v2\/media\/1023"}],"wp:attachment":[{"href":"https:\/\/berninabrussels.be\/index.php?rest_route=%2Fwp%2Fv2%2Fmedia&parent=1022"}],"wp:term":[{"taxonomy":"product_brand","embeddable":true,"href":"https:\/\/berninabrussels.be\/index.php?rest_route=%2Fwp%2Fv2%2Fproduct_brand&post=1022"},{"taxonomy":"product_cat","embeddable":true,"href":"https:\/\/berninabrussels.be\/index.php?rest_route=%2Fwp%2Fv2%2Fproduct_cat&post=1022"},{"taxonomy":"product_tag","embeddable":true,"href":"https:\/\/berninabrussels.be\/index.php?rest_route=%2Fwp%2Fv2%2Fproduct_tag&post=1022"},{"taxonomy":"giftcard-category","embeddable":true,"href":"https:\/\/berninabrussels.be\/index.php?rest_route=%2Fwp%2Fv2%2Fgiftcard-category&post=1022"}],"curies":[{"name":"wp","href":"https:\/\/api.w.org\/{rel}","templated":true}]}}