{"id":1020,"date":"2023-05-09T12:14:56","date_gmt":"2023-05-09T10:14:56","guid":{"rendered":"https:\/\/berninabrussels.be\/?post_type=product&#038;p=1020"},"modified":"2023-05-09T12:16:11","modified_gmt":"2023-05-09T10:16:11","slug":"pied-zigzag-standard-7mm-t","status":"publish","type":"product","link":"https:\/\/berninabrussels.be\/?product=pied-zigzag-standard-7mm-t","title":{"rendered":"Pied zigzag standard 7mm \u00ab\u00a0T\u00a0\u00bb"},"content":{"rendered":"<h3>Pied zigzag \u00ab\u00a0T\u00a0\u00bb standard BERNETTE\/SINGER<\/h3>\n<p>D&rsquo;une grande polyvalence, le pied zigzag convient pour la plupart des op\u00e9rations de couture. Il est aussi id\u00e9al pour les ouvrages de couture sp\u00e9ciaux. Au-del\u00e0 des points d\u00e9coratifs tr\u00e8s attrayants, il se pr\u00eate particuli\u00e8rement bien \u00e0 la r\u00e9alisation de vos ouvrages de patchwork.<\/p>\n","protected":false},"excerpt":{"rendered":"<p>Pied zigzag \u00ab\u00a0T\u00a0\u00bb standard BERNETTE\/SINGER D&rsquo;une grande polyvalence, le pied zigzag convient pour la plupart des op\u00e9rations de couture. Il est aussi id\u00e9al pour les ouvrages de couture sp\u00e9ciaux. Au-del\u00e0 des points d\u00e9coratifs tr\u00e8s attrayants, il se pr\u00eate particuli\u00e8rement bien \u00e0 la r\u00e9alisation de vos ouvrages de patchwork.<\/p>\n","protected":false},"featured_media":1021,"comment_status":"open","ping_status":"closed","template":"","meta":{"om_disable_all_campaigns":false,"_monsterinsights_skip_tracking":false,"_monsterinsights_sitenote_active":false,"_monsterinsights_sitenote_note":"","_monsterinsights_sitenote_category":0,"_uf_show_specific_survey":0,"_uf_disable_surveys":false},"product_brand":[],"product_cat":[42,44,240,189],"product_tag":[124],"giftcard-category":[],"class_list":{"0":"post-1020","1":"product","2":"type-product","3":"status-publish","4":"has-post-thumbnail","6":"product_cat-accesoires","7":"product_cat-machine-a-coudre","8":"product_cat-pieds-presseurs","9":"product_cat-pied-zig-zag","10":"product_tag-bernette","12":"first","13":"instock","14":"shipping-taxable","15":"purchasable","16":"product-type-simple"},"aioseo_notices":[],"jetpack_sharing_enabled":true,"_links":{"self":[{"href":"https:\/\/berninabrussels.be\/index.php?rest_route=\/wp\/v2\/product\/1020","targetHints":{"allow":["GET"]}}],"collection":[{"href":"https:\/\/berninabrussels.be\/index.php?rest_route=\/wp\/v2\/product"}],"about":[{"href":"https:\/\/berninabrussels.be\/index.php?rest_route=\/wp\/v2\/types\/product"}],"replies":[{"embeddable":true,"href":"https:\/\/berninabrussels.be\/index.php?rest_route=%2Fwp%2Fv2%2Fcomments&post=1020"}],"wp:featuredmedia":[{"embeddable":true,"href":"https:\/\/berninabrussels.be\/index.php?rest_route=\/wp\/v2\/media\/1021"}],"wp:attachment":[{"href":"https:\/\/berninabrussels.be\/index.php?rest_route=%2Fwp%2Fv2%2Fmedia&parent=1020"}],"wp:term":[{"taxonomy":"product_brand","embeddable":true,"href":"https:\/\/berninabrussels.be\/index.php?rest_route=%2Fwp%2Fv2%2Fproduct_brand&post=1020"},{"taxonomy":"product_cat","embeddable":true,"href":"https:\/\/berninabrussels.be\/index.php?rest_route=%2Fwp%2Fv2%2Fproduct_cat&post=1020"},{"taxonomy":"product_tag","embeddable":true,"href":"https:\/\/berninabrussels.be\/index.php?rest_route=%2Fwp%2Fv2%2Fproduct_tag&post=1020"},{"taxonomy":"giftcard-category","embeddable":true,"href":"https:\/\/berninabrussels.be\/index.php?rest_route=%2Fwp%2Fv2%2Fgiftcard-category&post=1020"}],"curies":[{"name":"wp","href":"https:\/\/api.w.org\/{rel}","templated":true}]}}