{"id":1018,"date":"2023-05-09T12:13:26","date_gmt":"2023-05-09T10:13:26","guid":{"rendered":"https:\/\/berninabrussels.be\/?post_type=product&#038;p=1018"},"modified":"2023-05-09T12:14:50","modified_gmt":"2023-05-09T10:14:50","slug":"protege-doigt-bernette","status":"publish","type":"product","link":"https:\/\/berninabrussels.be\/?product=protege-doigt-bernette","title":{"rendered":"Prot\u00e8ge doigt Bernette"},"content":{"rendered":"<h3>Prot\u00e8ge-doigts BERNETTE<\/h3>\n<p>Le prot\u00e8ge-doigts est un dispositif de s\u00e9curit\u00e9 facile \u00e0 utiliser et maintient vos doigts loin de l&rsquo;aiguille. Particuli\u00e8rement adapt\u00e9 pour les enfants et les couturiers d\u00e9butants, ce pied-de-biche compl\u00e8te parfaitement votre assortiment d&rsquo;accessoires. Le prot\u00e8ge-doigts peut \u00eatre ajout\u00e9 facilement \u00e0 l&rsquo;axe de presque tous les pieds-de-biche pour plus de s\u00e9curit\u00e9.<\/p>\n","protected":false},"excerpt":{"rendered":"<p>Prot\u00e8ge-doigts BERNETTE Le prot\u00e8ge-doigts est un dispositif de s\u00e9curit\u00e9 facile \u00e0 utiliser et maintient vos doigts loin de l&rsquo;aiguille. Particuli\u00e8rement adapt\u00e9 pour les enfants et les couturiers d\u00e9butants, ce pied-de-biche compl\u00e8te parfaitement votre assortiment d&rsquo;accessoires. Le prot\u00e8ge-doigts peut \u00eatre ajout\u00e9 facilement \u00e0 l&rsquo;axe de presque tous les pieds-de-biche pour plus de s\u00e9curit\u00e9.<\/p>\n","protected":false},"featured_media":1019,"comment_status":"open","ping_status":"closed","template":"","meta":{"om_disable_all_campaigns":false,"_monsterinsights_skip_tracking":false,"_monsterinsights_sitenote_active":false,"_monsterinsights_sitenote_note":"","_monsterinsights_sitenote_category":0,"_uf_show_specific_survey":0,"_uf_disable_surveys":false},"product_brand":[],"product_cat":[42,44,240,192],"product_tag":[124],"giftcard-category":[],"class_list":{"0":"post-1018","1":"product","2":"type-product","3":"status-publish","4":"has-post-thumbnail","6":"product_cat-accesoires","7":"product_cat-machine-a-coudre","8":"product_cat-pieds-presseurs","9":"product_cat-autres","10":"product_tag-bernette","12":"first","13":"instock","14":"shipping-taxable","15":"purchasable","16":"product-type-simple"},"aioseo_notices":[],"jetpack_sharing_enabled":true,"_links":{"self":[{"href":"https:\/\/berninabrussels.be\/index.php?rest_route=\/wp\/v2\/product\/1018","targetHints":{"allow":["GET"]}}],"collection":[{"href":"https:\/\/berninabrussels.be\/index.php?rest_route=\/wp\/v2\/product"}],"about":[{"href":"https:\/\/berninabrussels.be\/index.php?rest_route=\/wp\/v2\/types\/product"}],"replies":[{"embeddable":true,"href":"https:\/\/berninabrussels.be\/index.php?rest_route=%2Fwp%2Fv2%2Fcomments&post=1018"}],"wp:featuredmedia":[{"embeddable":true,"href":"https:\/\/berninabrussels.be\/index.php?rest_route=\/wp\/v2\/media\/1019"}],"wp:attachment":[{"href":"https:\/\/berninabrussels.be\/index.php?rest_route=%2Fwp%2Fv2%2Fmedia&parent=1018"}],"wp:term":[{"taxonomy":"product_brand","embeddable":true,"href":"https:\/\/berninabrussels.be\/index.php?rest_route=%2Fwp%2Fv2%2Fproduct_brand&post=1018"},{"taxonomy":"product_cat","embeddable":true,"href":"https:\/\/berninabrussels.be\/index.php?rest_route=%2Fwp%2Fv2%2Fproduct_cat&post=1018"},{"taxonomy":"product_tag","embeddable":true,"href":"https:\/\/berninabrussels.be\/index.php?rest_route=%2Fwp%2Fv2%2Fproduct_tag&post=1018"},{"taxonomy":"giftcard-category","embeddable":true,"href":"https:\/\/berninabrussels.be\/index.php?rest_route=%2Fwp%2Fv2%2Fgiftcard-category&post=1018"}],"curies":[{"name":"wp","href":"https:\/\/api.w.org\/{rel}","templated":true}]}}