{"id":1017,"date":"2023-05-09T12:12:12","date_gmt":"2023-05-09T10:12:12","guid":{"rendered":"https:\/\/berninabrussels.be\/?post_type=product&#038;p=1017"},"modified":"2023-05-09T12:13:18","modified_gmt":"2023-05-09T10:13:18","slug":"pied-a-repriser-broderie-5mm","status":"publish","type":"product","link":"https:\/\/berninabrussels.be\/?product=pied-a-repriser-broderie-5mm","title":{"rendered":"Pied \u00e0 repriser\/ broderie 5mm"},"content":{"rendered":"<h3>Pied \u00e0 repriser \/ broderie 5mm<\/h3>\n<p>Ce pied est un expert en mati\u00e8re de couture \u00e0 main libre. Il convient particuli\u00e8rement pour repriser des trous ou des zones us\u00e9es. Utilis\u00e9 avec un cadre de broderie, le reprisage devient plus facile car celui-ci maintient le tissu en place. Ce pied peut aussi servir \u00e0 cr\u00e9er des jolies finitions, par ex. avec de la dentelle ou des monogrammes.<\/p>\n","protected":false},"excerpt":{"rendered":"<p>Pied \u00e0 repriser \/ broderie 5mm Ce pied est un expert en mati\u00e8re de couture \u00e0 main libre. Il convient particuli\u00e8rement pour repriser des trous ou des zones us\u00e9es. Utilis\u00e9 avec un cadre de broderie, le reprisage devient plus facile car celui-ci maintient le tissu en place. Ce pied peut aussi servir \u00e0 cr\u00e9er des&hellip;<\/p>\n","protected":false},"featured_media":0,"comment_status":"open","ping_status":"closed","template":"","meta":{"om_disable_all_campaigns":false,"_monsterinsights_skip_tracking":false,"_monsterinsights_sitenote_active":false,"_monsterinsights_sitenote_note":"","_monsterinsights_sitenote_category":0,"_uf_show_specific_survey":0,"_uf_disable_surveys":false},"product_brand":[],"product_cat":[42,44,240,192],"product_tag":[124],"giftcard-category":[],"class_list":{"0":"post-1017","1":"product","2":"type-product","3":"status-publish","5":"product_cat-accesoires","6":"product_cat-machine-a-coudre","7":"product_cat-pieds-presseurs","8":"product_cat-autres","9":"product_tag-bernette","11":"first","12":"instock","13":"sale","14":"shipping-taxable","15":"purchasable","16":"product-type-simple"},"aioseo_notices":[],"jetpack_sharing_enabled":true,"_links":{"self":[{"href":"https:\/\/berninabrussels.be\/index.php?rest_route=\/wp\/v2\/product\/1017","targetHints":{"allow":["GET"]}}],"collection":[{"href":"https:\/\/berninabrussels.be\/index.php?rest_route=\/wp\/v2\/product"}],"about":[{"href":"https:\/\/berninabrussels.be\/index.php?rest_route=\/wp\/v2\/types\/product"}],"replies":[{"embeddable":true,"href":"https:\/\/berninabrussels.be\/index.php?rest_route=%2Fwp%2Fv2%2Fcomments&post=1017"}],"wp:attachment":[{"href":"https:\/\/berninabrussels.be\/index.php?rest_route=%2Fwp%2Fv2%2Fmedia&parent=1017"}],"wp:term":[{"taxonomy":"product_brand","embeddable":true,"href":"https:\/\/berninabrussels.be\/index.php?rest_route=%2Fwp%2Fv2%2Fproduct_brand&post=1017"},{"taxonomy":"product_cat","embeddable":true,"href":"https:\/\/berninabrussels.be\/index.php?rest_route=%2Fwp%2Fv2%2Fproduct_cat&post=1017"},{"taxonomy":"product_tag","embeddable":true,"href":"https:\/\/berninabrussels.be\/index.php?rest_route=%2Fwp%2Fv2%2Fproduct_tag&post=1017"},{"taxonomy":"giftcard-category","embeddable":true,"href":"https:\/\/berninabrussels.be\/index.php?rest_route=%2Fwp%2Fv2%2Fgiftcard-category&post=1017"}],"curies":[{"name":"wp","href":"https:\/\/api.w.org\/{rel}","templated":true}]}}