{"id":1013,"date":"2023-05-09T11:06:54","date_gmt":"2023-05-09T09:06:54","guid":{"rendered":"https:\/\/berninabrussels.be\/?post_type=product&#038;p=1013"},"modified":"2025-05-26T06:06:23","modified_gmt":"2025-05-26T04:06:23","slug":"pied-nervures-elastique-5-rainures","status":"publish","type":"product","link":"https:\/\/berninabrussels.be\/?product=pied-nervures-elastique-5-rainures","title":{"rendered":"Pied nervures, \u00e9lastique 5 rainures"},"content":{"rendered":"<h3>Pied nervures, \u00e9lastique 5 rainures BERNETTE<\/h3>\n<p>Le pied pour plis avec 5 rainures est utilis\u00e9 pour coudre des plis avec une aiguille double. Les rainures vous permettent de coudre des plis parall\u00e8les.<\/p>\n<p>&nbsp;<\/p>\n","protected":false},"excerpt":{"rendered":"<p>Pied nervures, \u00e9lastique 5 rainures BERNETTE Le pied pour plis avec 5 rainures est utilis\u00e9 pour coudre des plis avec une aiguille double. Les rainures vous permettent de coudre des plis parall\u00e8les. &nbsp;<\/p>\n","protected":false},"featured_media":1014,"comment_status":"open","ping_status":"closed","template":"","meta":{"om_disable_all_campaigns":false,"_monsterinsights_skip_tracking":false,"_monsterinsights_sitenote_active":false,"_monsterinsights_sitenote_note":"","_monsterinsights_sitenote_category":0,"_uf_show_specific_survey":0,"_uf_disable_surveys":false},"product_brand":[],"product_cat":[208],"product_tag":[124],"giftcard-category":[],"class_list":{"0":"post-1013","1":"product","2":"type-product","3":"status-publish","4":"has-post-thumbnail","6":"product_cat-pied-nervure","7":"product_tag-bernette","9":"first","10":"instock","11":"sale","12":"shipping-taxable","13":"purchasable","14":"product-type-simple"},"aioseo_notices":[],"jetpack_sharing_enabled":true,"_links":{"self":[{"href":"https:\/\/berninabrussels.be\/index.php?rest_route=\/wp\/v2\/product\/1013","targetHints":{"allow":["GET"]}}],"collection":[{"href":"https:\/\/berninabrussels.be\/index.php?rest_route=\/wp\/v2\/product"}],"about":[{"href":"https:\/\/berninabrussels.be\/index.php?rest_route=\/wp\/v2\/types\/product"}],"replies":[{"embeddable":true,"href":"https:\/\/berninabrussels.be\/index.php?rest_route=%2Fwp%2Fv2%2Fcomments&post=1013"}],"wp:featuredmedia":[{"embeddable":true,"href":"https:\/\/berninabrussels.be\/index.php?rest_route=\/wp\/v2\/media\/1014"}],"wp:attachment":[{"href":"https:\/\/berninabrussels.be\/index.php?rest_route=%2Fwp%2Fv2%2Fmedia&parent=1013"}],"wp:term":[{"taxonomy":"product_brand","embeddable":true,"href":"https:\/\/berninabrussels.be\/index.php?rest_route=%2Fwp%2Fv2%2Fproduct_brand&post=1013"},{"taxonomy":"product_cat","embeddable":true,"href":"https:\/\/berninabrussels.be\/index.php?rest_route=%2Fwp%2Fv2%2Fproduct_cat&post=1013"},{"taxonomy":"product_tag","embeddable":true,"href":"https:\/\/berninabrussels.be\/index.php?rest_route=%2Fwp%2Fv2%2Fproduct_tag&post=1013"},{"taxonomy":"giftcard-category","embeddable":true,"href":"https:\/\/berninabrussels.be\/index.php?rest_route=%2Fwp%2Fv2%2Fgiftcard-category&post=1013"}],"curies":[{"name":"wp","href":"https:\/\/api.w.org\/{rel}","templated":true}]}}