{"id":1003,"date":"2023-05-09T10:56:37","date_gmt":"2023-05-09T08:56:37","guid":{"rendered":"https:\/\/berninabrussels.be\/?post_type=product&#038;p=1003"},"modified":"2023-05-09T10:58:34","modified_gmt":"2023-05-09T08:58:34","slug":"pied-pour-regle-ruler-jr-b77-b79","status":"publish","type":"product","link":"https:\/\/berninabrussels.be\/?product=pied-pour-regle-ruler-jr-b77-b79","title":{"rendered":"Pied pour r\u00e8gle, ruler \u00ab\u00a0JR\u00a0\u00bb b77\/b79"},"content":{"rendered":"<h3>Pied pour r\u00e8gle avec support pince aiguille BERNETTE<\/h3>\n<p>Le pied de r\u00e8gle \u00e0 mouvement libre vous permet de cr\u00e9er un magnifique style de quilting en mouvement libre en combinaison avec vos r\u00e8gles. La forme parfaitement circulaire vous permet de piquer \u00e0 une distance constante de 0,6 cm (\u00bc\u201c) des bords de votre gabarit de r\u00e8gle.<\/p>\n<p>&nbsp;<\/p>\n","protected":false},"excerpt":{"rendered":"<p>Pied pour r\u00e8gle avec support pince aiguille BERNETTE Le pied de r\u00e8gle \u00e0 mouvement libre vous permet de cr\u00e9er un magnifique style de quilting en mouvement libre en combinaison avec vos r\u00e8gles. La forme parfaitement circulaire vous permet de piquer \u00e0 une distance constante de 0,6 cm (\u00bc\u201c) des bords de votre gabarit de r\u00e8gle.&hellip;<\/p>\n","protected":false},"featured_media":1004,"comment_status":"open","ping_status":"closed","template":"","meta":{"om_disable_all_campaigns":false,"_monsterinsights_skip_tracking":false,"_monsterinsights_sitenote_active":false,"_monsterinsights_sitenote_note":"","_monsterinsights_sitenote_category":0,"_uf_show_specific_survey":0,"_uf_disable_surveys":false},"product_brand":[],"product_cat":[42,44,240,192],"product_tag":[124],"giftcard-category":[],"class_list":{"0":"post-1003","1":"product","2":"type-product","3":"status-publish","4":"has-post-thumbnail","6":"product_cat-accesoires","7":"product_cat-machine-a-coudre","8":"product_cat-pieds-presseurs","9":"product_cat-autres","10":"product_tag-bernette","12":"first","13":"instock","14":"shipping-taxable","15":"purchasable","16":"product-type-simple"},"aioseo_notices":[],"jetpack_sharing_enabled":true,"_links":{"self":[{"href":"https:\/\/berninabrussels.be\/index.php?rest_route=\/wp\/v2\/product\/1003","targetHints":{"allow":["GET"]}}],"collection":[{"href":"https:\/\/berninabrussels.be\/index.php?rest_route=\/wp\/v2\/product"}],"about":[{"href":"https:\/\/berninabrussels.be\/index.php?rest_route=\/wp\/v2\/types\/product"}],"replies":[{"embeddable":true,"href":"https:\/\/berninabrussels.be\/index.php?rest_route=%2Fwp%2Fv2%2Fcomments&post=1003"}],"wp:featuredmedia":[{"embeddable":true,"href":"https:\/\/berninabrussels.be\/index.php?rest_route=\/wp\/v2\/media\/1004"}],"wp:attachment":[{"href":"https:\/\/berninabrussels.be\/index.php?rest_route=%2Fwp%2Fv2%2Fmedia&parent=1003"}],"wp:term":[{"taxonomy":"product_brand","embeddable":true,"href":"https:\/\/berninabrussels.be\/index.php?rest_route=%2Fwp%2Fv2%2Fproduct_brand&post=1003"},{"taxonomy":"product_cat","embeddable":true,"href":"https:\/\/berninabrussels.be\/index.php?rest_route=%2Fwp%2Fv2%2Fproduct_cat&post=1003"},{"taxonomy":"product_tag","embeddable":true,"href":"https:\/\/berninabrussels.be\/index.php?rest_route=%2Fwp%2Fv2%2Fproduct_tag&post=1003"},{"taxonomy":"giftcard-category","embeddable":true,"href":"https:\/\/berninabrussels.be\/index.php?rest_route=%2Fwp%2Fv2%2Fgiftcard-category&post=1003"}],"curies":[{"name":"wp","href":"https:\/\/api.w.org\/{rel}","templated":true}]}}