{"id":122,"date":"2023-05-05T17:23:41","date_gmt":"2023-05-05T15:23:41","guid":{"rendered":"https:\/\/berninabrussels.be\/?page_id=122"},"modified":"2024-01-24T22:34:39","modified_gmt":"2024-01-24T21:34:39","slug":"aiguisage-ciseaux","status":"publish","type":"page","link":"https:\/\/berninabrussels.be\/?page_id=122","title":{"rendered":"Aiguisage ciseaux"},"content":{"rendered":"\t\t<div data-elementor-type=\"wp-page\" data-elementor-id=\"122\" class=\"elementor elementor-122\">\n\t\t\t\t\t\t<section class=\"elementor-section elementor-top-section elementor-element elementor-element-5c65bbb elementor-section-boxed elementor-section-height-default elementor-section-height-default\" data-id=\"5c65bbb\" data-element_type=\"section\" data-e-type=\"section\">\n\t\t\t\t\t\t<div class=\"elementor-container elementor-column-gap-default\">\n\t\t\t\t\t<div class=\"elementor-column elementor-col-100 elementor-top-column elementor-element elementor-element-8adf6d1\" data-id=\"8adf6d1\" data-element_type=\"column\" data-e-type=\"column\">\n\t\t\t<div class=\"elementor-widget-wrap elementor-element-populated\">\n\t\t\t\t\t\t<div class=\"elementor-element elementor-element-cd6e21e elementor-widget elementor-widget-text-editor\" data-id=\"cd6e21e\" data-element_type=\"widget\" data-e-type=\"widget\" data-widget_type=\"text-editor.default\">\n\t\t\t\t<div class=\"elementor-widget-container\">\n\t\t\t\t\t\t\t\t\t<p>De nombreuses personnes travaillent au quotidien avec des outils tranchants qui co\u00fbtent g\u00e9n\u00e9ralement assez cher. Les ciseaux de couturiers doivent avoir un tranchant irr\u00e9prochable afin de travailler au mieux les tissus et fils. La pointe de vos ciseaux sera tr\u00e8s importante.<\/p><h2>Principe<\/h2><p>Pour v\u00e9rifier si votre lame est \u00e0 faire aiguiser, observez les points suivants :<\/p><ul><li>Le \u00ab\u00a0fil\u00a0\u00bb de la lame n\u2019est plus r\u00e9gulier et comporte des entailles<\/li><li>Vous devez fournir un effort plus important pour couper<\/li><li>Vous ne coupez plus la mati\u00e8re en une seule fois<\/li><li>Votre lame \u00ab\u00a0d\u00e9chire\u00a0\u00bb les fibres mais ne les coupe pas de fa\u00e7on nette<\/li><li>Vous devez couper en plusieurs fois sur un m\u00eame morceau de mati\u00e8re<\/li><li>Votre lame est l\u00e9g\u00e8rement oxyd\u00e9e<\/li><\/ul><p>\u00a0<\/p><p>Si vous vous reconnaissez dans l\u2019un des points pr\u00e9c\u00e9dents, il est clair que vous avez besoin de faire aff\u00fbter vos lames.<\/p><p>Faire appel \u00e0 un aff\u00fbteur professionnel vous permet de faire d\u2019importantes \u00e9conomies en redonnant \u00e0 vos outils une nouvelle jeunesse.<\/p><p>L\u2019aff\u00fbteur ou r\u00e9mouleur, va r\u00e9-aiguiser vos lames de fa\u00e7on \u00e0 les rendre tranchantes de nouveau, sans pour autant perdre trop de mati\u00e8re.<\/p><p>La perte de mati\u00e8re est due au fait que l\u2019aff\u00fbteur doit user la lame afin de remettre \u00e0 niveau le \u00ab\u00a0fil\u00a0\u00bb, c\u2019est \u00e0 dire l\u2019ar\u00eate coupante de celle-ci.<\/p><p>Pour aff\u00fbter correctement la lame, il est important de savoir identifier le m\u00e9tal ainsi que l\u2019outil qui permettra de r\u00e9aliser ce travail correctement.<\/p><p>\u00a0<\/p><h2>Forfait aff\u00fbtage\/entretien ciseaux de couture<\/h2><table><tbody><tr><td>Ciseaux de 5 \u00e0 10 cm<\/td><td>7\u20ac\u00a0TVAC<\/td><\/tr><tr><td>Ciseaux de 10 \u00e0 22 cm<\/td><td>10\u20ac\u00a0TVAC<\/td><\/tr><tr><td>Ciseaux de 23 \u00e0 35 cm<\/td><td>12\u20ac\u00a0TVAC<\/td><\/tr><\/tbody><\/table>\t\t\t\t\t\t\t\t<\/div>\n\t\t\t\t<\/div>\n\t\t\t\t\t<\/div>\n\t\t<\/div>\n\t\t\t\t\t<\/div>\n\t\t<\/section>\n\t\t\t\t<\/div>\n\t\t","protected":false},"excerpt":{"rendered":"<p>De nombreuses personnes travaillent au quotidien avec des outils tranchants qui co\u00fbtent g\u00e9n\u00e9ralement assez cher. Les ciseaux de couturiers doivent avoir un tranchant irr\u00e9prochable afin de travailler au mieux les tissus et fils. La pointe de vos ciseaux sera tr\u00e8s importante. Principe Pour v\u00e9rifier si votre lame est \u00e0 faire aiguiser, observez les points suivants&hellip;<\/p>\n","protected":false},"author":1,"featured_media":0,"parent":118,"menu_order":0,"comment_status":"closed","ping_status":"closed","template":"","meta":{"om_disable_all_campaigns":false,"_monsterinsights_skip_tracking":false,"_monsterinsights_sitenote_active":false,"_monsterinsights_sitenote_note":"","_monsterinsights_sitenote_category":0,"_uf_show_specific_survey":0,"_uf_disable_surveys":false,"footnotes":""},"class_list":["post-122","page","type-page","status-publish","hentry"],"aioseo_notices":[],"jetpack_sharing_enabled":true,"_links":{"self":[{"href":"https:\/\/berninabrussels.be\/index.php?rest_route=\/wp\/v2\/pages\/122","targetHints":{"allow":["GET"]}}],"collection":[{"href":"https:\/\/berninabrussels.be\/index.php?rest_route=\/wp\/v2\/pages"}],"about":[{"href":"https:\/\/berninabrussels.be\/index.php?rest_route=\/wp\/v2\/types\/page"}],"author":[{"embeddable":true,"href":"https:\/\/berninabrussels.be\/index.php?rest_route=\/wp\/v2\/users\/1"}],"replies":[{"embeddable":true,"href":"https:\/\/berninabrussels.be\/index.php?rest_route=%2Fwp%2Fv2%2Fcomments&post=122"}],"version-history":[{"count":4,"href":"https:\/\/berninabrussels.be\/index.php?rest_route=\/wp\/v2\/pages\/122\/revisions"}],"predecessor-version":[{"id":207,"href":"https:\/\/berninabrussels.be\/index.php?rest_route=\/wp\/v2\/pages\/122\/revisions\/207"}],"up":[{"embeddable":true,"href":"https:\/\/berninabrussels.be\/index.php?rest_route=\/wp\/v2\/pages\/118"}],"wp:attachment":[{"href":"https:\/\/berninabrussels.be\/index.php?rest_route=%2Fwp%2Fv2%2Fmedia&parent=122"}],"curies":[{"name":"wp","href":"https:\/\/api.w.org\/{rel}","templated":true}]}}