{"id":120,"date":"2023-05-05T17:23:24","date_gmt":"2023-05-05T15:23:24","guid":{"rendered":"https:\/\/berninabrussels.be\/?page_id=120"},"modified":"2023-11-15T09:39:19","modified_gmt":"2023-11-15T08:39:19","slug":"formations","status":"publish","type":"page","link":"https:\/\/berninabrussels.be\/?page_id=120","title":{"rendered":"Formations"},"content":{"rendered":"\t\t<div data-elementor-type=\"wp-page\" data-elementor-id=\"120\" class=\"elementor elementor-120\">\n\t\t\t\t\t\t<section class=\"elementor-section elementor-top-section elementor-element elementor-element-eb9e160 elementor-section-boxed elementor-section-height-default elementor-section-height-default\" data-id=\"eb9e160\" data-element_type=\"section\" data-e-type=\"section\">\n\t\t\t\t\t\t<div class=\"elementor-container elementor-column-gap-default\">\n\t\t\t\t\t<div class=\"elementor-column elementor-col-100 elementor-top-column elementor-element elementor-element-9f3302f\" data-id=\"9f3302f\" data-element_type=\"column\" data-e-type=\"column\">\n\t\t\t<div class=\"elementor-widget-wrap elementor-element-populated\">\n\t\t\t\t\t\t<div class=\"elementor-element elementor-element-733487c elementor-widget elementor-widget-text-editor\" data-id=\"733487c\" data-element_type=\"widget\" data-e-type=\"widget\" data-widget_type=\"text-editor.default\">\n\t\t\t\t<div class=\"elementor-widget-container\">\n\t\t\t\t\t\t\t\t\t<ul id=\"u844-27\" class=\"list0 nls-None\"><li id=\"u844-20\" class=\"body\">En choisissant notre magasin, vous profiterez d\u2019une aide pr\u00e9cieuse dans Ie choix de votre machine par I\u2019expertise de vos besoins ainsi que par la d\u00e9monstration et la possibilit\u00e9 de tester les machines.<\/li><li id=\"u844-24\" class=\"body\">Votre achat fait,\u00a0 nous vous recommandons de suivre une formation sur l&rsquo;utilisation de votre machine, afin d&rsquo;exploiter au maximum ses possibilit\u00e9s.<\/li><li id=\"u844-26\" class=\"body\">Ces formations se donneront sur RDV dans notre magasin.<\/li><li>Les machines industrielles et fer \u00e0 repasser professionnels, sont livr\u00e9es, mont\u00e9es et test\u00e9es par nos soins. La livraison, d\u00e9monstration et explications se font en vos locaux.<\/li><\/ul><p>.<\/p>\t\t\t\t\t\t\t\t<\/div>\n\t\t\t\t<\/div>\n\t\t\t\t\t<\/div>\n\t\t<\/div>\n\t\t\t\t\t<\/div>\n\t\t<\/section>\n\t\t\t\t<\/div>\n\t\t","protected":false},"excerpt":{"rendered":"<p>En choisissant notre magasin, vous profiterez d\u2019une aide pr\u00e9cieuse dans Ie choix de votre machine par I\u2019expertise de vos besoins ainsi que par la d\u00e9monstration et la possibilit\u00e9 de tester les machines. Votre achat fait,\u00a0 nous vous recommandons de suivre une formation sur l&rsquo;utilisation de votre machine, afin d&rsquo;exploiter au maximum ses possibilit\u00e9s. Ces formations&hellip;<\/p>\n","protected":false},"author":1,"featured_media":0,"parent":0,"menu_order":0,"comment_status":"closed","ping_status":"closed","template":"","meta":{"om_disable_all_campaigns":false,"_monsterinsights_skip_tracking":false,"_monsterinsights_sitenote_active":false,"_monsterinsights_sitenote_note":"","_monsterinsights_sitenote_category":0,"_uf_show_specific_survey":0,"_uf_disable_surveys":false,"footnotes":""},"class_list":["post-120","page","type-page","status-publish","hentry"],"aioseo_notices":[],"jetpack_sharing_enabled":true,"_links":{"self":[{"href":"https:\/\/berninabrussels.be\/index.php?rest_route=\/wp\/v2\/pages\/120","targetHints":{"allow":["GET"]}}],"collection":[{"href":"https:\/\/berninabrussels.be\/index.php?rest_route=\/wp\/v2\/pages"}],"about":[{"href":"https:\/\/berninabrussels.be\/index.php?rest_route=\/wp\/v2\/types\/page"}],"author":[{"embeddable":true,"href":"https:\/\/berninabrussels.be\/index.php?rest_route=\/wp\/v2\/users\/1"}],"replies":[{"embeddable":true,"href":"https:\/\/berninabrussels.be\/index.php?rest_route=%2Fwp%2Fv2%2Fcomments&post=120"}],"version-history":[{"count":7,"href":"https:\/\/berninabrussels.be\/index.php?rest_route=\/wp\/v2\/pages\/120\/revisions"}],"predecessor-version":[{"id":2766,"href":"https:\/\/berninabrussels.be\/index.php?rest_route=\/wp\/v2\/pages\/120\/revisions\/2766"}],"wp:attachment":[{"href":"https:\/\/berninabrussels.be\/index.php?rest_route=%2Fwp%2Fv2%2Fmedia&parent=120"}],"curies":[{"name":"wp","href":"https:\/\/api.w.org\/{rel}","templated":true}]}}