{"id":114,"date":"2023-05-05T17:21:44","date_gmt":"2023-05-05T15:21:44","guid":{"rendered":"https:\/\/berninabrussels.be\/?page_id=114"},"modified":"2025-10-21T18:15:55","modified_gmt":"2025-10-21T16:15:55","slug":"qui-sommes-nous","status":"publish","type":"page","link":"https:\/\/berninabrussels.be\/?page_id=114","title":{"rendered":"Qui sommes nous ?"},"content":{"rendered":"\t\t<div data-elementor-type=\"wp-page\" data-elementor-id=\"114\" class=\"elementor elementor-114\">\n\t\t\t\t\t\t<section class=\"elementor-section elementor-top-section elementor-element elementor-element-c7948d1 elementor-section-boxed elementor-section-height-default elementor-section-height-default\" data-id=\"c7948d1\" data-element_type=\"section\" data-e-type=\"section\">\n\t\t\t\t\t\t<div class=\"elementor-container elementor-column-gap-default\">\n\t\t\t\t\t<div class=\"elementor-column elementor-col-100 elementor-top-column elementor-element elementor-element-fe3df44\" data-id=\"fe3df44\" data-element_type=\"column\" data-e-type=\"column\">\n\t\t\t<div class=\"elementor-widget-wrap elementor-element-populated\">\n\t\t\t\t\t\t<div class=\"elementor-element elementor-element-fd08e71 elementor-widget elementor-widget-image\" data-id=\"fd08e71\" data-element_type=\"widget\" data-e-type=\"widget\" data-widget_type=\"image.default\">\n\t\t\t\t<div class=\"elementor-widget-container\">\n\t\t\t\t\t\t\t\t\t\t\t\t\t\t\t<img decoding=\"async\" width=\"300\" height=\"82\" src=\"https:\/\/i0.wp.com\/berninabrussels.be\/wp-content\/uploads\/2025\/10\/b3-1.png?fit=300%2C82&amp;ssl=1\" class=\"attachment-medium size-medium wp-image-3254\" alt=\"\" srcset=\"https:\/\/i0.wp.com\/berninabrussels.be\/wp-content\/uploads\/2025\/10\/b3-1.png?w=1096&amp;ssl=1 1096w, https:\/\/i0.wp.com\/berninabrussels.be\/wp-content\/uploads\/2025\/10\/b3-1.png?resize=300%2C82&amp;ssl=1 300w, https:\/\/i0.wp.com\/berninabrussels.be\/wp-content\/uploads\/2025\/10\/b3-1.png?resize=1024%2C279&amp;ssl=1 1024w, https:\/\/i0.wp.com\/berninabrussels.be\/wp-content\/uploads\/2025\/10\/b3-1.png?resize=768%2C210&amp;ssl=1 768w\" sizes=\"(max-width: 300px) 100vw, 300px\" \/>\t\t\t\t\t\t\t\t\t\t\t\t\t\t\t<\/div>\n\t\t\t\t<\/div>\n\t\t\t\t<div class=\"elementor-element elementor-element-5380da0 elementor-widget elementor-widget-text-editor\" data-id=\"5380da0\" data-element_type=\"widget\" data-e-type=\"widget\" data-widget_type=\"text-editor.default\">\n\t\t\t\t<div class=\"elementor-widget-container\">\n\t\t\t\t\t\t\t\t\t<h2 data-start=\"177\" data-end=\"197\">\u00a0<\/h2><h2 data-start=\"177\" data-end=\"197\">\u00a0<\/h2><h2 data-start=\"177\" data-end=\"197\">Qui sommes-nous ?<\/h2><p data-start=\"199\" data-end=\"444\"><strong data-start=\"199\" data-end=\"233\">1973 \u2014 une histoire de famille<\/strong><br data-start=\"233\" data-end=\"236\" \/>Monsieur et Madame <strong data-start=\"255\" data-end=\"268\">Bruynincx<\/strong> fondent l\u2019entreprise familiale.<br data-start=\"300\" data-end=\"303\" \/>Des ann\u00e9es plus tard, le magasin est repris par <strong data-start=\"351\" data-end=\"372\">Olivier Bruynincx<\/strong>, passionn\u00e9 de nouvelles technologies\u2026 et de Bernina depuis toujours :<\/p><blockquote data-start=\"445\" data-end=\"504\"><p data-start=\"447\" data-end=\"504\">\u00ab <strong data-start=\"449\" data-end=\"480\">Je suis n\u00e9 dans une Bernina<\/strong> \u00bb \u2014 <em data-start=\"485\" data-end=\"504\">Olivier Bruynincx<\/em><\/p><\/blockquote><p data-start=\"506\" data-end=\"742\"><strong data-start=\"506\" data-end=\"526\">2020 \u2014 La Tulipe<\/strong><br data-start=\"526\" data-end=\"529\" \/>Nous cr\u00e9ons <strong data-start=\"541\" data-end=\"554\">La Tulipe<\/strong>, notre mercerie et espace d\u00e9di\u00e9 aux <strong data-start=\"591\" data-end=\"600\">cours<\/strong> : couture, tricot, crochet, laine, broderie\u2026<br data-start=\"645\" data-end=\"648\" \/>Le magasin est <strong data-start=\"663\" data-end=\"685\">enti\u00e8rement r\u00e9nov\u00e9<\/strong> afin de proposer une <strong data-start=\"707\" data-end=\"727\">gamme plus large<\/strong> qu\u2019auparavant.<\/p><p data-start=\"744\" data-end=\"761\"><strong data-start=\"744\" data-end=\"759\">Aujourd\u2019hui<\/strong><\/p><ul data-start=\"762\" data-end=\"1314\"><li data-start=\"762\" data-end=\"895\"><p data-start=\"764\" data-end=\"895\"><strong data-start=\"764\" data-end=\"802\">Fournisseur de la Cour de Belgique<\/strong> depuis <strong data-start=\"810\" data-end=\"818\">2008<\/strong> \u2014 une fiert\u00e9 qui r\u00e9compense notre savoir-faire et notre professionnalisme.<\/p><\/li><li data-start=\"896\" data-end=\"973\"><p data-start=\"898\" data-end=\"973\">Plus de <strong data-start=\"906\" data-end=\"944\">15 000 machines Bernina &amp; bernette<\/strong> vendues depuis nos d\u00e9buts.<\/p><\/li><li data-start=\"974\" data-end=\"1060\"><p data-start=\"976\" data-end=\"1060\"><strong data-start=\"976\" data-end=\"1004\">Partenaire BERNINA Actif<\/strong> : nous r\u00e9pondons \u00e0 des crit\u00e8res de qualit\u00e9 exigeants.<\/p><\/li><li data-start=\"1061\" data-end=\"1129\"><p data-start=\"1063\" data-end=\"1129\"><strong data-start=\"1063\" data-end=\"1082\">Atelier int\u00e9gr\u00e9<\/strong> : entretien &amp; <strong data-start=\"1097\" data-end=\"1111\">r\u00e9paration<\/strong> toutes marques.<\/p><\/li><li data-start=\"1130\" data-end=\"1314\"><p data-start=\"1132\" data-end=\"1314\"><strong data-start=\"1132\" data-end=\"1156\">Formations continues<\/strong> chez BERNINA, <strong data-start=\"1171\" data-end=\"1200\">cours de couture cr\u00e9ative<\/strong> et <strong data-start=\"1204\" data-end=\"1228\">\u00e9v\u00e9nements r\u00e9guliers<\/strong> en magasin (journ\u00e9e accessoires, journ\u00e9e broderie, cours programme, journ\u00e9e Suisse\u2026).<\/p><\/li><\/ul><p data-start=\"1316\" data-end=\"1509\"><strong data-start=\"1316\" data-end=\"1334\">Notre promesse<\/strong><br data-start=\"1334\" data-end=\"1337\" \/>La <strong data-start=\"1340\" data-end=\"1351\">qualit\u00e9<\/strong> d\u2019abord, le <strong data-start=\"1364\" data-end=\"1375\">service<\/strong> toujours \u2014 et un <strong data-start=\"1393\" data-end=\"1400\">SAV<\/strong> r\u00e9actif. Vos remarques et suggestions comptent : elles nous aident \u00e0 am\u00e9liorer nos services et nos produits.<\/p><p data-start=\"1511\" data-end=\"1717\"><strong data-start=\"1511\" data-end=\"1524\">Important<\/strong><br data-start=\"1524\" data-end=\"1527\" \/>En tant que <strong data-start=\"1539\" data-end=\"1567\">Partenaire BERNINA Actif<\/strong>, vous pouvez <strong data-start=\"1581\" data-end=\"1611\">toujours passer en magasin<\/strong> pour le service et l\u2019information, <strong data-start=\"1646\" data-end=\"1685\">m\u00eame si l\u2019achat a \u00e9t\u00e9 fait en ligne<\/strong> (sur notre site ou ailleurs).<\/p><blockquote data-start=\"1718\" data-end=\"1830\"><p data-start=\"1720\" data-end=\"1830\">Notre site ne pr\u00e9sente qu\u2019<strong data-start=\"1746\" data-end=\"1760\">une partie<\/strong> des articles disponibles <strong data-start=\"1786\" data-end=\"1798\">en stock<\/strong> ou <strong data-start=\"1802\" data-end=\"1818\">sur commande<\/strong> en magasin.<\/p><\/blockquote>\t\t\t\t\t\t\t\t<\/div>\n\t\t\t\t<\/div>\n\t\t\t\t\t<\/div>\n\t\t<\/div>\n\t\t\t\t\t<\/div>\n\t\t<\/section>\n\t\t\t\t<section class=\"elementor-section elementor-top-section elementor-element elementor-element-7d85a80 elementor-section-boxed elementor-section-height-default elementor-section-height-default\" data-id=\"7d85a80\" data-element_type=\"section\" data-e-type=\"section\">\n\t\t\t\t\t\t<div class=\"elementor-container elementor-column-gap-default\">\n\t\t\t\t\t<div class=\"elementor-column elementor-col-50 elementor-top-column elementor-element elementor-element-2da3aba\" data-id=\"2da3aba\" data-element_type=\"column\" data-e-type=\"column\">\n\t\t\t<div class=\"elementor-widget-wrap elementor-element-populated\">\n\t\t\t\t\t\t<div class=\"elementor-element elementor-element-9740802 elementor-widget elementor-widget-image\" data-id=\"9740802\" data-element_type=\"widget\" data-e-type=\"widget\" data-widget_type=\"image.default\">\n\t\t\t\t<div class=\"elementor-widget-container\">\n\t\t\t\t\t\t\t\t\t\t\t\t\t\t\t<img fetchpriority=\"high\" decoding=\"async\" width=\"204\" height=\"247\" src=\"https:\/\/i0.wp.com\/berninabrussels.be\/wp-content\/uploads\/2025\/10\/b2-1.jpg?fit=204%2C247&amp;ssl=1\" class=\"attachment-large size-large wp-image-3255\" alt=\"\" \/>\t\t\t\t\t\t\t\t\t\t\t\t\t\t\t<\/div>\n\t\t\t\t<\/div>\n\t\t\t\t\t<\/div>\n\t\t<\/div>\n\t\t\t\t<div class=\"elementor-column elementor-col-50 elementor-top-column elementor-element elementor-element-c4b45df\" data-id=\"c4b45df\" data-element_type=\"column\" data-e-type=\"column\">\n\t\t\t<div class=\"elementor-widget-wrap elementor-element-populated\">\n\t\t\t\t\t\t<div class=\"elementor-element elementor-element-1e9f3ff elementor-widget elementor-widget-image\" data-id=\"1e9f3ff\" data-element_type=\"widget\" data-e-type=\"widget\" data-widget_type=\"image.default\">\n\t\t\t\t<div class=\"elementor-widget-container\">\n\t\t\t\t\t\t\t\t\t\t\t\t\t\t\t<img decoding=\"async\" width=\"225\" height=\"225\" src=\"https:\/\/i0.wp.com\/berninabrussels.be\/wp-content\/uploads\/2025\/10\/b1-1.jpg?fit=225%2C225&amp;ssl=1\" class=\"attachment-medium_large size-medium_large wp-image-3256\" alt=\"\" srcset=\"https:\/\/i0.wp.com\/berninabrussels.be\/wp-content\/uploads\/2025\/10\/b1-1.jpg?w=225&amp;ssl=1 225w, https:\/\/i0.wp.com\/berninabrussels.be\/wp-content\/uploads\/2025\/10\/b1-1.jpg?resize=150%2C150&amp;ssl=1 150w, https:\/\/i0.wp.com\/berninabrussels.be\/wp-content\/uploads\/2025\/10\/b1-1.jpg?resize=100%2C100&amp;ssl=1 100w\" sizes=\"(max-width: 225px) 100vw, 225px\" \/>\t\t\t\t\t\t\t\t\t\t\t\t\t\t\t<\/div>\n\t\t\t\t<\/div>\n\t\t\t\t\t<\/div>\n\t\t<\/div>\n\t\t\t\t\t<\/div>\n\t\t<\/section>\n\t\t\t\t<section class=\"elementor-section elementor-top-section elementor-element elementor-element-6b8d7e7 elementor-section-boxed elementor-section-height-default elementor-section-height-default\" data-id=\"6b8d7e7\" data-element_type=\"section\" data-e-type=\"section\">\n\t\t\t\t\t\t<div class=\"elementor-container elementor-column-gap-default\">\n\t\t\t\t\t<div class=\"elementor-column elementor-col-100 elementor-top-column elementor-element elementor-element-fdcbce0\" data-id=\"fdcbce0\" data-element_type=\"column\" data-e-type=\"column\">\n\t\t\t<div class=\"elementor-widget-wrap elementor-element-populated\">\n\t\t\t\t\t\t<div class=\"elementor-element elementor-element-b080d1e elementor-widget elementor-widget-image\" data-id=\"b080d1e\" data-element_type=\"widget\" data-e-type=\"widget\" data-widget_type=\"image.default\">\n\t\t\t\t<div class=\"elementor-widget-container\">\n\t\t\t\t\t\t\t\t\t\t\t\t\t\t\t<img loading=\"lazy\" decoding=\"async\" width=\"300\" height=\"300\" src=\"https:\/\/i0.wp.com\/berninabrussels.be\/wp-content\/uploads\/2025\/10\/Kurve-Hofleverancier.png?fit=300%2C300&amp;ssl=1\" class=\"attachment-large size-large wp-image-3257\" alt=\"\" srcset=\"https:\/\/i0.wp.com\/berninabrussels.be\/wp-content\/uploads\/2025\/10\/Kurve-Hofleverancier.png?w=300&amp;ssl=1 300w, https:\/\/i0.wp.com\/berninabrussels.be\/wp-content\/uploads\/2025\/10\/Kurve-Hofleverancier.png?resize=150%2C150&amp;ssl=1 150w, https:\/\/i0.wp.com\/berninabrussels.be\/wp-content\/uploads\/2025\/10\/Kurve-Hofleverancier.png?resize=100%2C100&amp;ssl=1 100w\" sizes=\"(max-width: 300px) 100vw, 300px\" \/>\t\t\t\t\t\t\t\t\t\t\t\t\t\t\t<\/div>\n\t\t\t\t<\/div>\n\t\t\t\t\t<\/div>\n\t\t<\/div>\n\t\t\t\t\t<\/div>\n\t\t<\/section>\n\t\t\t\t<\/div>\n\t\t","protected":false},"excerpt":{"rendered":"<p>\u00a0 \u00a0 Qui sommes-nous ? 1973 \u2014 une histoire de familleMonsieur et Madame Bruynincx fondent l\u2019entreprise familiale.Des ann\u00e9es plus tard, le magasin est repris par Olivier Bruynincx, passionn\u00e9 de nouvelles technologies\u2026 et de Bernina depuis toujours : \u00ab Je suis n\u00e9 dans une Bernina \u00bb \u2014 Olivier Bruynincx 2020 \u2014 La TulipeNous cr\u00e9ons La Tulipe,&hellip;<\/p>\n","protected":false},"author":1,"featured_media":0,"parent":111,"menu_order":0,"comment_status":"closed","ping_status":"closed","template":"","meta":{"om_disable_all_campaigns":false,"_monsterinsights_skip_tracking":false,"_monsterinsights_sitenote_active":false,"_monsterinsights_sitenote_note":"","_monsterinsights_sitenote_category":0,"_uf_show_specific_survey":0,"_uf_disable_surveys":false,"footnotes":""},"class_list":["post-114","page","type-page","status-publish","hentry"],"aioseo_notices":[],"jetpack_sharing_enabled":true,"_links":{"self":[{"href":"https:\/\/berninabrussels.be\/index.php?rest_route=\/wp\/v2\/pages\/114","targetHints":{"allow":["GET"]}}],"collection":[{"href":"https:\/\/berninabrussels.be\/index.php?rest_route=\/wp\/v2\/pages"}],"about":[{"href":"https:\/\/berninabrussels.be\/index.php?rest_route=\/wp\/v2\/types\/page"}],"author":[{"embeddable":true,"href":"https:\/\/berninabrussels.be\/index.php?rest_route=\/wp\/v2\/users\/1"}],"replies":[{"embeddable":true,"href":"https:\/\/berninabrussels.be\/index.php?rest_route=%2Fwp%2Fv2%2Fcomments&post=114"}],"version-history":[{"count":7,"href":"https:\/\/berninabrussels.be\/index.php?rest_route=\/wp\/v2\/pages\/114\/revisions"}],"predecessor-version":[{"id":3260,"href":"https:\/\/berninabrussels.be\/index.php?rest_route=\/wp\/v2\/pages\/114\/revisions\/3260"}],"up":[{"embeddable":true,"href":"https:\/\/berninabrussels.be\/index.php?rest_route=\/wp\/v2\/pages\/111"}],"wp:attachment":[{"href":"https:\/\/berninabrussels.be\/index.php?rest_route=%2Fwp%2Fv2%2Fmedia&parent=114"}],"curies":[{"name":"wp","href":"https:\/\/api.w.org\/{rel}","templated":true}]}}